{"id":4801,"date":"2016-10-27T14:34:24","date_gmt":"2016-10-27T12:34:24","guid":{"rendered":"https:\/\/www.schilliger.fr\/societe\/postes-vacants\/"},"modified":"2023-07-06T09:04:09","modified_gmt":"2023-07-06T07:04:09","slug":"ofertas-de-empleo","status":"publish","type":"page","link":"https:\/\/www.schilliger.fr\/es\/empresa\/ofertas-de-empleo\/","title":{"rendered":"Ofertas de empleo"},"content":{"rendered":"<div class=\"fusion-fullwidth fullwidth-box fusion-builder-row-1 nonhundred-percent-fullwidth non-hundred-percent-height-scrolling\" style=\"--awb-background-position:left top;--awb-border-sizes-top:0px;--awb-border-sizes-bottom:0px;--awb-border-sizes-left:0px;--awb-border-sizes-right:0px;--awb-border-radius-top-left:0px;--awb-border-radius-top-right:0px;--awb-border-radius-bottom-right:0px;--awb-border-radius-bottom-left:0px;--awb-padding-top:100px;--awb-padding-bottom:100px;--awb-flex-wrap:wrap;\" ><div class=\"fusion-builder-row fusion-row\"><div class=\"fusion-layout-column fusion_builder_column fusion-builder-column-0 fusion_builder_column_1_1 1_1 fusion-one-full fusion-column-first fusion-column-last content--left\" style=\"--awb-bg-size:cover;\"><div class=\"fusion-column-wrapper fusion-flex-column-wrapper-legacy\"><div class=\"fusion-title title fusion-title-1 fusion-sep-none fusion-title-text fusion-title-size-two\"><h2 class=\"fusion-title-heading title-heading-left\" style=\"margin:0;\">Ofertas de empleo<\/h2><\/div><div class=\"fusion-text fusion-text-1\" style=\"--awb-text-transform:none;\"><h3><strong><span style=\"color: #800000;\">Schilliger Bois <span style=\"color: #000000;\">es un actor clave e innovador en la industria de la madera.<br \/>\nEn <\/span><\/span><\/strong><strong><span style=\"color: #800000;\">Schilliger Bois <\/span><\/strong><strong><span style=\"color: #800000;\"><span style=\"color: #000000;\">nos aseguramos de que cada contrataci\u00f3n forme parte de una perspectiva a largo plazo, sin\u00f3nimo de \u00e9xito para todos.<\/span><\/span><\/strong><\/h3>\n<h3><strong><span style=\"color: #800000;\"><span style=\"color: #000000;\">Si desea unirse a un grupo familiar y a un equipo din\u00e1mico, p\u00f3ngase en contacto con nosotros por correo electr\u00f3nico: <a href=\"mailto:mireille.gallin@schilliger.fr\">mireille.gallin@schilliger.fr<\/a>.<\/span><\/span><\/strong><\/h3>\n<h3>\u00a1EL SECTOR DE LA MADERA ES EL FUTURO!<\/h3>\n<\/div><div class=\"fusion-sep-clear\"><\/div><div class=\"fusion-separator fusion-full-width-sep\" style=\"margin-left: auto;margin-right: auto;margin-top:10px;width:100%;\"><\/div><div class=\"fusion-sep-clear\"><\/div><div class=\"fusion-button-wrapper\"><a class=\"fusion-button button-flat fusion-button-default-size button-default fusion-button-default button-1 fusion-button-default-span fusion-button-default-type\" target=\"_self\" href=\"http:\/\/www.schilliger.fr\/wp-content\/uploads\/sites\/6\/2022\/07\/ELECTROTECHNICIEN.pdf\"><span class=\"fusion-button-text awb-button__text awb-button__text--default\">Electrotechnicien de maintenance H\/F<\/span><\/a><\/div><div class=\"fusion-sep-clear\"><\/div><div class=\"fusion-separator fusion-full-width-sep\" style=\"margin-left: auto;margin-right: auto;margin-top:10px;width:100%;\"><\/div><div class=\"fusion-sep-clear\"><\/div><div class=\"fusion-button-wrapper\"><a class=\"fusion-button button-flat fusion-button-default-size button-default fusion-button-default button-2 fusion-button-default-span fusion-button-default-type\" target=\"_self\" href=\"http:\/\/www.schilliger.fr\/wp-content\/uploads\/sites\/6\/2022\/07\/MACHINISTE-CNC.pdf\"><span class=\"fusion-button-text awb-button__text awb-button__text--default\">Machiniste CNC 5 axes<\/span><\/a><\/div><div class=\"fusion-sep-clear\"><\/div><div class=\"fusion-separator fusion-full-width-sep\" style=\"margin-left: auto;margin-right: auto;margin-top:10px;width:100%;\"><\/div><div class=\"fusion-sep-clear\"><\/div><div class=\"fusion-button-wrapper\"><a class=\"fusion-button button-flat fusion-button-default-size button-default fusion-button-default button-3 fusion-button-default-span fusion-button-default-type\" target=\"_self\" href=\"http:\/\/www.schilliger.fr\/wp-content\/uploads\/sites\/6\/2022\/07\/OPERATEUR-SCIERIE.pdf\"><span class=\"fusion-button-text awb-button__text awb-button__text--default\">Op\u00e9rateurs scierie H\/F<\/span><\/a><\/div><div class=\"fusion-sep-clear\"><\/div><div class=\"fusion-separator fusion-full-width-sep\" style=\"margin-left: auto;margin-right: auto;margin-top:10px;width:100%;\"><\/div><div class=\"fusion-sep-clear\"><\/div><div class=\"fusion-button-wrapper\"><a class=\"fusion-button button-flat fusion-button-default-size button-default fusion-button-default button-4 fusion-button-default-span fusion-button-default-type\" target=\"_self\" href=\"http:\/\/www.schilliger.fr\/wp-content\/uploads\/sites\/6\/2022\/07\/ING-CONST-BOIS.pdf\"><span class=\"fusion-button-text awb-button__text awb-button__text--default\">Ing\u00e9nieur construction bois pour supervision du BE H\/F<\/span><\/a><\/div><div class=\"fusion-sep-clear\"><\/div><div class=\"fusion-separator fusion-full-width-sep\" style=\"margin-left: auto;margin-right: auto;margin-top:10px;width:100%;\"><\/div><div class=\"fusion-sep-clear\"><\/div><div class=\"fusion-button-wrapper\"><a class=\"fusion-button button-flat fusion-button-default-size button-default fusion-button-default button-5 fusion-button-default-span fusion-button-default-type\" target=\"_self\" href=\"http:\/\/www.schilliger.fr\/wp-content\/uploads\/sites\/6\/2022\/07\/mecanicien-de-maintenanace-industrielle.pdf\"><span class=\"fusion-button-text awb-button__text awb-button__text--default\">M\u00e9canicien de maintenance industrielle H\/F<\/span><\/a><\/div><div class=\"fusion-sep-clear\"><\/div><div class=\"fusion-separator fusion-full-width-sep\" style=\"margin-left: auto;margin-right: auto;margin-top:10px;width:100%;\"><\/div><div class=\"fusion-sep-clear\"><\/div><div class=\"fusion-button-wrapper\"><a class=\"fusion-button button-flat fusion-button-default-size button-default fusion-button-default button-6 fusion-button-default-span fusion-button-default-type\" target=\"_self\" href=\"http:\/\/www.schilliger.fr\/wp-content\/uploads\/sites\/6\/2022\/07\/alternant-QHSE.pdf\"><span class=\"fusion-button-text awb-button__text awb-button__text--default\">Alternant HSE H\/F pour la rentr\u00e9e de septembre 2022<\/span><\/a><\/div><div class=\"fusion-sep-clear\"><\/div><div class=\"fusion-separator fusion-full-width-sep\" style=\"margin-left: auto;margin-right: auto;margin-top:10px;width:100%;\"><\/div><div class=\"fusion-sep-clear\"><\/div><div class=\"fusion-sep-clear\"><\/div><div class=\"fusion-separator fusion-full-width-sep\" style=\"margin-left: auto;margin-right: auto;margin-top:10px;width:100%;\"><\/div><div class=\"fusion-sep-clear\"><\/div><div class=\"fusion-sep-clear\"><\/div><div class=\"fusion-separator fusion-full-width-sep\" style=\"margin-left: auto;margin-right: auto;margin-top:10px;width:100%;\"><\/div><div class=\"fusion-sep-clear\"><\/div><div class=\"fusion-sep-clear\"><\/div><div class=\"fusion-separator fusion-full-width-sep\" style=\"margin-left: auto;margin-right: auto;margin-top:10px;width:100%;\"><\/div><div class=\"fusion-sep-clear\"><\/div><div class=\"fusion-sep-clear\"><\/div><div class=\"fusion-separator fusion-full-width-sep\" style=\"margin-left: auto;margin-right: auto;margin-top:10px;width:100%;\"><\/div><div class=\"fusion-sep-clear\"><\/div><div class=\"fusion-sep-clear\"><\/div><div class=\"fusion-separator fusion-full-width-sep\" style=\"margin-left: auto;margin-right: auto;margin-top:10px;width:100%;\"><\/div><div class=\"fusion-sep-clear\"><\/div><div class=\"fusion-sep-clear\"><\/div><div class=\"fusion-separator fusion-full-width-sep\" style=\"margin-left: auto;margin-right: auto;margin-top:10px;width:100%;\"><\/div><div class=\"fusion-sep-clear\"><\/div><div class=\"fusion-button-wrapper\"><a class=\"fusion-button button-flat fusion-button-default-size button-default fusion-button-default button-7 fusion-button-default-span fusion-button-default-type\" target=\"_self\" href=\"http:\/\/www.schilliger.fr\/wp-content\/uploads\/sites\/6\/2022\/08\/Egalite-professionnelle-2022.pdf\"><span class=\"fusion-button-text awb-button__text awb-button__text--default\">\u00cdndice de Igualdad de G\u00e9nero del a\u00f1o 2022 para datos de 2021 <\/span><\/a><\/div><div class=\"fusion-clearfix\"><\/div><\/div><\/div><\/div><\/div>\n","protected":false},"excerpt":{"rendered":"","protected":false},"author":1,"featured_media":0,"parent":4798,"menu_order":0,"comment_status":"closed","ping_status":"closed","template":"100-width.php","meta":{"footnotes":""},"class_list":["post-4801","page","type-page","status-publish","hentry"],"yoast_head":"<!-- This site is optimized with the Yoast SEO plugin v16.7 - https:\/\/yoast.com\/wordpress\/plugins\/seo\/ -->\n<title>Ofertas de empleo - Schilliger France - Deutschland<\/title>\n<meta name=\"robots\" content=\"index, follow, max-snippet:-1, max-image-preview:large, max-video-preview:-1\" \/>\n<link rel=\"canonical\" href=\"https:\/\/www.schilliger.fr\/es\/empresa\/ofertas-de-empleo\/\" \/>\n<meta property=\"og:locale\" content=\"es_ES\" \/>\n<meta property=\"og:type\" content=\"article\" \/>\n<meta property=\"og:title\" content=\"Ofertas de empleo - Schilliger France - Deutschland\" \/>\n<meta property=\"og:url\" content=\"https:\/\/www.schilliger.fr\/es\/empresa\/ofertas-de-empleo\/\" \/>\n<meta property=\"og:site_name\" content=\"Schilliger France - Deutschland\" \/>\n<meta property=\"article:modified_time\" content=\"2023-07-06T07:04:09+00:00\" \/>\n<meta name=\"twitter:card\" content=\"summary\" \/>\n<meta name=\"twitter:label1\" content=\"Tiempo de lectura\" \/>\n\t<meta name=\"twitter:data1\" content=\"4 minutos\" \/>\n<script type=\"application\/ld+json\" class=\"yoast-schema-graph\">{\"@context\":\"https:\/\/schema.org\",\"@graph\":[{\"@type\":\"WebSite\",\"@id\":\"https:\/\/www.schilliger.fr\/es\/#website\",\"url\":\"https:\/\/www.schilliger.fr\/es\/\",\"name\":\"Schilliger France - Deutschland\",\"description\":\"\",\"potentialAction\":[{\"@type\":\"SearchAction\",\"target\":{\"@type\":\"EntryPoint\",\"urlTemplate\":\"https:\/\/www.schilliger.fr\/es\/?s={search_term_string}\"},\"query-input\":\"required name=search_term_string\"}],\"inLanguage\":\"es\"},{\"@type\":\"WebPage\",\"@id\":\"https:\/\/www.schilliger.fr\/es\/empresa\/ofertas-de-empleo\/#webpage\",\"url\":\"https:\/\/www.schilliger.fr\/es\/empresa\/ofertas-de-empleo\/\",\"name\":\"Ofertas de empleo - Schilliger France - Deutschland\",\"isPartOf\":{\"@id\":\"https:\/\/www.schilliger.fr\/es\/#website\"},\"datePublished\":\"2016-10-27T12:34:24+00:00\",\"dateModified\":\"2023-07-06T07:04:09+00:00\",\"breadcrumb\":{\"@id\":\"https:\/\/www.schilliger.fr\/es\/empresa\/ofertas-de-empleo\/#breadcrumb\"},\"inLanguage\":\"es\",\"potentialAction\":[{\"@type\":\"ReadAction\",\"target\":[\"https:\/\/www.schilliger.fr\/es\/empresa\/ofertas-de-empleo\/\"]}]},{\"@type\":\"BreadcrumbList\",\"@id\":\"https:\/\/www.schilliger.fr\/es\/empresa\/ofertas-de-empleo\/#breadcrumb\",\"itemListElement\":[{\"@type\":\"ListItem\",\"position\":1,\"name\":\"Accueil\",\"item\":\"https:\/\/www.schilliger.fr\/es\/\"},{\"@type\":\"ListItem\",\"position\":2,\"name\":\"La empresa\",\"item\":\"https:\/\/www.schilliger.fr\/es\/empresa\/\"},{\"@type\":\"ListItem\",\"position\":3,\"name\":\"Ofertas de empleo\"}]}]}<\/script>\n<!-- \/ Yoast SEO plugin. -->","yoast_head_json":{"title":"Ofertas de empleo - Schilliger France - Deutschland","robots":{"index":"index","follow":"follow","max-snippet":"max-snippet:-1","max-image-preview":"max-image-preview:large","max-video-preview":"max-video-preview:-1"},"canonical":"https:\/\/www.schilliger.fr\/es\/empresa\/ofertas-de-empleo\/","og_locale":"es_ES","og_type":"article","og_title":"Ofertas de empleo - Schilliger France - Deutschland","og_url":"https:\/\/www.schilliger.fr\/es\/empresa\/ofertas-de-empleo\/","og_site_name":"Schilliger France - Deutschland","article_modified_time":"2023-07-06T07:04:09+00:00","twitter_card":"summary","twitter_misc":{"Tiempo de lectura":"4 minutos"},"schema":{"@context":"https:\/\/schema.org","@graph":[{"@type":"WebSite","@id":"https:\/\/www.schilliger.fr\/es\/#website","url":"https:\/\/www.schilliger.fr\/es\/","name":"Schilliger France - Deutschland","description":"","potentialAction":[{"@type":"SearchAction","target":{"@type":"EntryPoint","urlTemplate":"https:\/\/www.schilliger.fr\/es\/?s={search_term_string}"},"query-input":"required name=search_term_string"}],"inLanguage":"es"},{"@type":"WebPage","@id":"https:\/\/www.schilliger.fr\/es\/empresa\/ofertas-de-empleo\/#webpage","url":"https:\/\/www.schilliger.fr\/es\/empresa\/ofertas-de-empleo\/","name":"Ofertas de empleo - Schilliger France - Deutschland","isPartOf":{"@id":"https:\/\/www.schilliger.fr\/es\/#website"},"datePublished":"2016-10-27T12:34:24+00:00","dateModified":"2023-07-06T07:04:09+00:00","breadcrumb":{"@id":"https:\/\/www.schilliger.fr\/es\/empresa\/ofertas-de-empleo\/#breadcrumb"},"inLanguage":"es","potentialAction":[{"@type":"ReadAction","target":["https:\/\/www.schilliger.fr\/es\/empresa\/ofertas-de-empleo\/"]}]},{"@type":"BreadcrumbList","@id":"https:\/\/www.schilliger.fr\/es\/empresa\/ofertas-de-empleo\/#breadcrumb","itemListElement":[{"@type":"ListItem","position":1,"name":"Accueil","item":"https:\/\/www.schilliger.fr\/es\/"},{"@type":"ListItem","position":2,"name":"La empresa","item":"https:\/\/www.schilliger.fr\/es\/empresa\/"},{"@type":"ListItem","position":3,"name":"Ofertas de empleo"}]}]}},"_links":{"self":[{"href":"https:\/\/www.schilliger.fr\/es\/wp-json\/wp\/v2\/pages\/4801","targetHints":{"allow":["GET"]}}],"collection":[{"href":"https:\/\/www.schilliger.fr\/es\/wp-json\/wp\/v2\/pages"}],"about":[{"href":"https:\/\/www.schilliger.fr\/es\/wp-json\/wp\/v2\/types\/page"}],"author":[{"embeddable":true,"href":"https:\/\/www.schilliger.fr\/es\/wp-json\/wp\/v2\/users\/1"}],"replies":[{"embeddable":true,"href":"https:\/\/www.schilliger.fr\/es\/wp-json\/wp\/v2\/comments?post=4801"}],"version-history":[{"count":3,"href":"https:\/\/www.schilliger.fr\/es\/wp-json\/wp\/v2\/pages\/4801\/revisions"}],"predecessor-version":[{"id":5188,"href":"https:\/\/www.schilliger.fr\/es\/wp-json\/wp\/v2\/pages\/4801\/revisions\/5188"}],"up":[{"embeddable":true,"href":"https:\/\/www.schilliger.fr\/es\/wp-json\/wp\/v2\/pages\/4798"}],"wp:attachment":[{"href":"https:\/\/www.schilliger.fr\/es\/wp-json\/wp\/v2\/media?parent=4801"}],"curies":[{"name":"wp","href":"https:\/\/api.w.org\/{rel}","templated":true}]}}