{"id":4769,"date":"2016-12-29T10:34:04","date_gmt":"2016-12-29T09:34:04","guid":{"rendered":"https:\/\/www.schilliger.fr\/productos\/logiciels-publics\/"},"modified":"2024-11-07T11:36:02","modified_gmt":"2024-11-07T10:36:02","slug":"software-publico","status":"publish","type":"page","link":"https:\/\/www.schilliger.fr\/es\/productos\/software-publico\/","title":{"rendered":"Software p\u00fablico"},"content":{"rendered":"<div class=\"fusion-fullwidth fullwidth-box fusion-builder-row-1 nonhundred-percent-fullwidth non-hundred-percent-height-scrolling\" style=\"--awb-background-position:left top;--awb-border-sizes-top:0px;--awb-border-sizes-bottom:0px;--awb-border-sizes-left:0px;--awb-border-sizes-right:0px;--awb-border-radius-top-left:0px;--awb-border-radius-top-right:0px;--awb-border-radius-bottom-right:0px;--awb-border-radius-bottom-left:0px;--awb-padding-top:100px;--awb-padding-bottom:100px;--awb-flex-wrap:wrap;\" ><div class=\"fusion-builder-row fusion-row\"><div class=\"fusion-layout-column fusion_builder_column fusion-builder-column-0 fusion_builder_column_3_5 3_5 fusion-three-fifth fusion-column-first content--left\" style=\"--awb-bg-blend:overlay;--awb-bg-size:cover;width:58.4%; margin-right: 4%;\"><div class=\"fusion-column-wrapper fusion-flex-column-wrapper-legacy\"><div class=\"fusion-title title fusion-title-1 fusion-sep-none fusion-title-text fusion-title-size-two\"><h2 class=\"fusion-title-heading title-heading-left\" style=\"margin:0;\">SOFTWARE P\u00daBLICO<\/h2><\/div><div class=\"fusion-text fusion-text-1\" style=\"--awb-text-transform:none;\"><table width=\"100%\">\n<tbody>\n<tr>\n<td><strong>Puede descargar versiones gratuitas de los siguientes programas (para las versiones completas, consulte el formulario de pedido):<\/strong><\/p>\n<table>\n<tbody>\n<tr>\n<td><a href=\"\/Software\/S-Bem60FW.exe\">S-Bem60FW.exe<\/a><\/td>\n<td>Programa &#8220;Dimensionamiento&#8221; (Freeware) seg\u00fan SIA, DIN, EN (F) y EN (UK)<\/td>\n<\/tr>\n<tr>\n<td><a href=\"\/Software\/S-BPhyFW.exe\">S-BPhyFW.exe<\/a><\/td>\n<td>Programa &#8220;F\u00edsica de los edificios&#8221; (Freeware)<\/td>\n<\/tr>\n<tr>\n<td><\/td>\n<td><\/td>\n<\/tr>\n<tr>\n<td><a href=\"\/wp-content\/uploads\/sites\/6\/2022\/04\/Formulaire-de-commande-logiciel-Schilliger.pdf\">Precios de los programas<\/a><\/td>\n<td>Precios de los software<\/td>\n<\/tr>\n<tr>\n<td>Actualizaciones<\/td>\n<td>A la p\u00e1gina de actualizaci\u00f3n del software de Bemessen y Bauphysik (consejo: las actualizaciones requieren versiones completas del software correspondiente)<\/td>\n<\/tr>\n<\/tbody>\n<\/table>\n<\/td>\n<\/tr>\n<\/tbody>\n<\/table>\n<table width=\"100%\">\n<tbody>\n<tr>\n<td width=\"100%\">Actualizaciones<\/td>\n<td width=\"100%\"><\/td>\n<td width=\"100%\"><\/td>\n<\/tr>\n<\/tbody>\n<\/table>\n<table width=\"100%\">\n<tbody>\n<tr>\n<td><strong>Aqu\u00ed puede descargar las actualizaciones de las versiones completas:<\/strong><\/p>\n<p><em>Descargue y instale la actualizaci\u00f3n deseada en el directorio en el que se encuentra el programa correspondiente.<\/em><\/p>\n<table width=\"100%\">\n<tbody>\n<tr>\n<td colspan=\"2\"><strong>Programa Bauphysik<\/strong><\/td>\n<\/tr>\n<tr>\n<td><a href=\"\/Software\/bp-upd21.exe\">bp-upd21.exe<\/a><\/td>\n<td>Actualizaci\u00f3n a la versi\u00f3n 2.3<br \/>\n<i>peque\u00f1as modificaciones<br \/>\n<\/i><\/td>\n<\/tr>\n<tr>\n<td colspan=\"2\"><strong>Programa Bemessen conforme a SIA y DIN<\/strong><\/p>\n<p>La versi\u00f3n actual 6.0 puede solicitarse a Schilliger Holz. Las versionen anteriores\u00a0 pueden\u00a0 actualizarse a la versi\u00f3n 5.3.<\/td>\n<\/tr>\n<tr>\n<td><a href=\"\/Software\/updBem53.exe\">updBem53.exe<\/a><\/td>\n<td>Actualizaci\u00f3n a la versi\u00f3n 5.3 (la 5.0 debe estar ya instalada) &#8211; peque\u00f1as correcciones: alem\u00e1n, franc\u00e9s, ingl\u00e9s<\/td>\n<\/tr>\n<tr>\n<td><\/td>\n<td><\/td>\n<\/tr>\n<tr>\n<td colspan=\"2\"><\/td>\n<\/tr>\n<tr>\n<td><\/td>\n<td><\/td>\n<\/tr>\n<tr>\n<td colspan=\"2\"><\/td>\n<\/tr>\n<tr>\n<td><\/td>\n<td><\/td>\n<\/tr>\n<tr>\n<td><\/td>\n<td><\/td>\n<\/tr>\n<tr>\n<td><\/td>\n<td><\/td>\n<\/tr>\n<tr>\n<td width=\"120\"><\/td>\n<td><\/td>\n<\/tr>\n<tr>\n<td><\/td>\n<td><\/td>\n<\/tr>\n<\/tbody>\n<\/table>\n<\/td>\n<\/tr>\n<\/tbody>\n<\/table>\n<\/div><div class=\"fusion-clearfix\"><\/div><\/div><\/div><div class=\"fusion-layout-column fusion_builder_column fusion-builder-column-1 fusion_builder_column_2_5 2_5 fusion-two-fifth fusion-column-last\" style=\"--awb-bg-blend:overlay;--awb-bg-size:cover;width:37.6%;\"><div class=\"fusion-column-wrapper fusion-flex-column-wrapper-legacy\"><div class=\"fusion-image-element in-legacy-container\" style=\"--awb-caption-title-font-family:var(--h2_typography-font-family);--awb-caption-title-font-weight:var(--h2_typography-font-weight);--awb-caption-title-font-style:var(--h2_typography-font-style);--awb-caption-title-size:var(--h2_typography-font-size);--awb-caption-title-transform:var(--h2_typography-text-transform);--awb-caption-title-line-height:var(--h2_typography-line-height);--awb-caption-title-letter-spacing:var(--h2_typography-letter-spacing);\"><span class=\" fusion-imageframe imageframe-none imageframe-1 hover-type-zoomin\"><a href=\"https:\/\/www.schilliger.fr\/wp-content\/uploads\/sites\/6\/2016\/10\/img-software.jpg\" class=\"fusion-lightbox\" data-rel=\"iLightbox[fbc0f752480aeed13de]\" data-title=\"img-software\" title=\"img-software\"><img decoding=\"async\" width=\"800\" height=\"600\" src=\"https:\/\/www.schilliger.fr\/wp-content\/uploads\/sites\/6\/2016\/10\/img-software.jpg\" alt class=\"img-responsive wp-image-4183\" srcset=\"https:\/\/www.schilliger.fr\/wp-content\/uploads\/sites\/6\/2016\/10\/img-software-200x150.jpg 200w, https:\/\/www.schilliger.fr\/wp-content\/uploads\/sites\/6\/2016\/10\/img-software-400x300.jpg 400w, https:\/\/www.schilliger.fr\/wp-content\/uploads\/sites\/6\/2016\/10\/img-software-600x450.jpg 600w, https:\/\/www.schilliger.fr\/wp-content\/uploads\/sites\/6\/2016\/10\/img-software.jpg 800w\" sizes=\"(max-width: 800px) 100vw, 600px\" \/><\/a><\/span><\/div><div class=\"fusion-sep-clear\"><\/div><div class=\"fusion-separator fusion-full-width-sep\" style=\"margin-left: auto;margin-right: auto;margin-top:10px;width:100%;\"><\/div><div class=\"fusion-sep-clear\"><\/div><div class=\"fusion-button-wrapper\"><a class=\"fusion-button button-flat fusion-button-default-size button-default fusion-button-default button-1 fusion-button-default-span fusion-button-default-type\" target=\"_blank\" rel=\"noopener noreferrer\" title=\"Download the PDF\" aria-label=\"Download the PDF\" href=\"https:\/\/www.schilliger.ch\/Software\/Programme_de_dimensionnement_version_6.pdf\"><span class=\"fusion-button-text awb-button__text awb-button__text--default\">Software<\/span><\/a><\/div><div class=\"fusion-sep-clear\"><\/div><div class=\"fusion-separator fusion-full-width-sep\" style=\"margin-left: auto;margin-right: auto;margin-top:10px;width:100%;\"><\/div><div class=\"fusion-sep-clear\"><\/div><div class=\"fusion-button-wrapper\"><a class=\"fusion-button button-flat fusion-button-default-size button-default fusion-button-default button-2 fusion-button-default-span fusion-button-default-type\" target=\"_blank\" rel=\"noopener noreferrer\" title=\"Download the PDF\" aria-label=\"Download the PDF\" href=\" https:\/\/www.schilliger.fr\/wp-content\/uploads\/sites\/6\/2022\/04\/Formulaire-de-commande-logiciel-Schilliger.pdf\"><span class=\"fusion-button-text awb-button__text awb-button__text--default\">Formulario de pedido<\/span><\/a><\/div><div class=\"fusion-clearfix\"><\/div><\/div><\/div><\/div><\/div>\n","protected":false},"excerpt":{"rendered":"","protected":false},"author":1,"featured_media":0,"parent":4746,"menu_order":0,"comment_status":"closed","ping_status":"closed","template":"100-width.php","meta":{"footnotes":""},"class_list":["post-4769","page","type-page","status-publish","hentry"],"yoast_head":"<!-- This site is optimized with the Yoast SEO plugin v16.7 - https:\/\/yoast.com\/wordpress\/plugins\/seo\/ -->\n<title>Software p\u00fablico - Schilliger France - Deutschland<\/title>\n<meta name=\"robots\" content=\"index, follow, max-snippet:-1, max-image-preview:large, max-video-preview:-1\" \/>\n<link rel=\"canonical\" href=\"https:\/\/www.schilliger.fr\/es\/productos\/software-publico\/\" \/>\n<meta property=\"og:locale\" content=\"es_ES\" \/>\n<meta property=\"og:type\" content=\"article\" \/>\n<meta property=\"og:title\" content=\"Software p\u00fablico - Schilliger France - Deutschland\" \/>\n<meta property=\"og:url\" content=\"https:\/\/www.schilliger.fr\/es\/productos\/software-publico\/\" \/>\n<meta property=\"og:site_name\" content=\"Schilliger France - Deutschland\" \/>\n<meta property=\"article:modified_time\" content=\"2024-11-07T10:36:02+00:00\" \/>\n<meta name=\"twitter:card\" content=\"summary\" \/>\n<meta name=\"twitter:label1\" content=\"Tiempo de lectura\" \/>\n\t<meta name=\"twitter:data1\" content=\"2 minutos\" \/>\n<script type=\"application\/ld+json\" class=\"yoast-schema-graph\">{\"@context\":\"https:\/\/schema.org\",\"@graph\":[{\"@type\":\"WebSite\",\"@id\":\"https:\/\/www.schilliger.fr\/es\/#website\",\"url\":\"https:\/\/www.schilliger.fr\/es\/\",\"name\":\"Schilliger France - Deutschland\",\"description\":\"\",\"potentialAction\":[{\"@type\":\"SearchAction\",\"target\":{\"@type\":\"EntryPoint\",\"urlTemplate\":\"https:\/\/www.schilliger.fr\/es\/?s={search_term_string}\"},\"query-input\":\"required name=search_term_string\"}],\"inLanguage\":\"es\"},{\"@type\":\"WebPage\",\"@id\":\"https:\/\/www.schilliger.fr\/es\/productos\/software-publico\/#webpage\",\"url\":\"https:\/\/www.schilliger.fr\/es\/productos\/software-publico\/\",\"name\":\"Software p\\u00fablico - Schilliger France - Deutschland\",\"isPartOf\":{\"@id\":\"https:\/\/www.schilliger.fr\/es\/#website\"},\"datePublished\":\"2016-12-29T09:34:04+00:00\",\"dateModified\":\"2024-11-07T10:36:02+00:00\",\"breadcrumb\":{\"@id\":\"https:\/\/www.schilliger.fr\/es\/productos\/software-publico\/#breadcrumb\"},\"inLanguage\":\"es\",\"potentialAction\":[{\"@type\":\"ReadAction\",\"target\":[\"https:\/\/www.schilliger.fr\/es\/productos\/software-publico\/\"]}]},{\"@type\":\"BreadcrumbList\",\"@id\":\"https:\/\/www.schilliger.fr\/es\/productos\/software-publico\/#breadcrumb\",\"itemListElement\":[{\"@type\":\"ListItem\",\"position\":1,\"name\":\"Accueil\",\"item\":\"https:\/\/www.schilliger.fr\/es\/\"},{\"@type\":\"ListItem\",\"position\":2,\"name\":\"Productos\",\"item\":\"https:\/\/www.schilliger.fr\/es\/productos\/\"},{\"@type\":\"ListItem\",\"position\":3,\"name\":\"Software p\\u00fablico\"}]}]}<\/script>\n<!-- \/ Yoast SEO plugin. -->","yoast_head_json":{"title":"Software p\u00fablico - Schilliger France - Deutschland","robots":{"index":"index","follow":"follow","max-snippet":"max-snippet:-1","max-image-preview":"max-image-preview:large","max-video-preview":"max-video-preview:-1"},"canonical":"https:\/\/www.schilliger.fr\/es\/productos\/software-publico\/","og_locale":"es_ES","og_type":"article","og_title":"Software p\u00fablico - Schilliger France - Deutschland","og_url":"https:\/\/www.schilliger.fr\/es\/productos\/software-publico\/","og_site_name":"Schilliger France - Deutschland","article_modified_time":"2024-11-07T10:36:02+00:00","twitter_card":"summary","twitter_misc":{"Tiempo de lectura":"2 minutos"},"schema":{"@context":"https:\/\/schema.org","@graph":[{"@type":"WebSite","@id":"https:\/\/www.schilliger.fr\/es\/#website","url":"https:\/\/www.schilliger.fr\/es\/","name":"Schilliger France - Deutschland","description":"","potentialAction":[{"@type":"SearchAction","target":{"@type":"EntryPoint","urlTemplate":"https:\/\/www.schilliger.fr\/es\/?s={search_term_string}"},"query-input":"required name=search_term_string"}],"inLanguage":"es"},{"@type":"WebPage","@id":"https:\/\/www.schilliger.fr\/es\/productos\/software-publico\/#webpage","url":"https:\/\/www.schilliger.fr\/es\/productos\/software-publico\/","name":"Software p\u00fablico - Schilliger France - Deutschland","isPartOf":{"@id":"https:\/\/www.schilliger.fr\/es\/#website"},"datePublished":"2016-12-29T09:34:04+00:00","dateModified":"2024-11-07T10:36:02+00:00","breadcrumb":{"@id":"https:\/\/www.schilliger.fr\/es\/productos\/software-publico\/#breadcrumb"},"inLanguage":"es","potentialAction":[{"@type":"ReadAction","target":["https:\/\/www.schilliger.fr\/es\/productos\/software-publico\/"]}]},{"@type":"BreadcrumbList","@id":"https:\/\/www.schilliger.fr\/es\/productos\/software-publico\/#breadcrumb","itemListElement":[{"@type":"ListItem","position":1,"name":"Accueil","item":"https:\/\/www.schilliger.fr\/es\/"},{"@type":"ListItem","position":2,"name":"Productos","item":"https:\/\/www.schilliger.fr\/es\/productos\/"},{"@type":"ListItem","position":3,"name":"Software p\u00fablico"}]}]}},"_links":{"self":[{"href":"https:\/\/www.schilliger.fr\/es\/wp-json\/wp\/v2\/pages\/4769","targetHints":{"allow":["GET"]}}],"collection":[{"href":"https:\/\/www.schilliger.fr\/es\/wp-json\/wp\/v2\/pages"}],"about":[{"href":"https:\/\/www.schilliger.fr\/es\/wp-json\/wp\/v2\/types\/page"}],"author":[{"embeddable":true,"href":"https:\/\/www.schilliger.fr\/es\/wp-json\/wp\/v2\/users\/1"}],"replies":[{"embeddable":true,"href":"https:\/\/www.schilliger.fr\/es\/wp-json\/wp\/v2\/comments?post=4769"}],"version-history":[{"count":6,"href":"https:\/\/www.schilliger.fr\/es\/wp-json\/wp\/v2\/pages\/4769\/revisions"}],"predecessor-version":[{"id":6201,"href":"https:\/\/www.schilliger.fr\/es\/wp-json\/wp\/v2\/pages\/4769\/revisions\/6201"}],"up":[{"embeddable":true,"href":"https:\/\/www.schilliger.fr\/es\/wp-json\/wp\/v2\/pages\/4746"}],"wp:attachment":[{"href":"https:\/\/www.schilliger.fr\/es\/wp-json\/wp\/v2\/media?parent=4769"}],"curies":[{"name":"wp","href":"https:\/\/api.w.org\/{rel}","templated":true}]}}