{"id":4721,"date":"2016-10-20T09:17:06","date_gmt":"2016-10-20T07:17:06","guid":{"rendered":"https:\/\/www.schilliger.fr\/mentionslegales\/"},"modified":"2023-03-06T17:12:27","modified_gmt":"2023-03-06T16:12:27","slug":"informacion-legal","status":"publish","type":"page","link":"https:\/\/www.schilliger.fr\/es\/informacion-legal\/","title":{"rendered":"Informaci\u00f3n legal"},"content":{"rendered":"<div class=\"fusion-fullwidth fullwidth-box fusion-builder-row-1 fusion-flex-container nonhundred-percent-fullwidth non-hundred-percent-height-scrolling\" style=\"--awb-border-radius-top-left:0px;--awb-border-radius-top-right:0px;--awb-border-radius-bottom-right:0px;--awb-border-radius-bottom-left:0px;--awb-flex-wrap:wrap;\" ><div class=\"fusion-builder-row fusion-row fusion-flex-align-items-flex-start fusion-flex-content-wrap\" style=\"max-width:1144px;margin-left: calc(-4% \/ 2 );margin-right: calc(-4% \/ 2 );\"><div class=\"fusion-layout-column fusion_builder_column fusion-builder-column-0 fusion_builder_column_1_1 1_1 fusion-flex-column\" style=\"--awb-bg-size:cover;--awb-width-large:100%;--awb-margin-top-large:0px;--awb-spacing-right-large:1.92%;--awb-margin-bottom-large:20px;--awb-spacing-left-large:1.92%;--awb-width-medium:100%;--awb-order-medium:0;--awb-spacing-right-medium:1.92%;--awb-spacing-left-medium:1.92%;--awb-width-small:100%;--awb-order-small:0;--awb-spacing-right-small:1.92%;--awb-spacing-left-small:1.92%;\"><div class=\"fusion-column-wrapper fusion-column-has-shadow fusion-flex-justify-content-flex-start fusion-content-layout-column\"><div class=\"fusion-text fusion-text-1\" style=\"--awb-text-transform:none;\"><p><strong>Avisos legales<\/strong><\/p>\n<p>Schilliger Bois SAS<br \/>\nAserradero\/transformador de productos semielaborados de madera<br \/>\nRue du Port Rh\u00e9nan<br \/>\nF-68600 Volgelsheim<br \/>\nTel\u00e9fono: +33 (0)389 72 16 00<br \/>\nE-mail: info@schilliger.fr<\/p>\n<p><strong>Derechos de autor \/ Cr\u00e9dito fotogr\u00e1fico<\/strong><\/p>\n<p>Los derechos de autor de todos los textos, archivos PDF y elementos gr\u00e1ficos pertenecen a Schilliger Bois SAS. Est\u00e1 permitido enlazar estas p\u00e1ginas y citarlas, indicando la fuente (&#8220;Fuente\/Copyright: Schilliger Bois SAS&#8221;).<\/p>\n<p><strong>Exclusi\u00f3n de responsabilidad<\/strong><\/p>\n<p>Ponemos mucho cuidado en la recopilaci\u00f3n de informaci\u00f3n en nuestras p\u00e1ginas web. Sin embargo, no podemos responsabilizarnos de los da\u00f1os de cualquier tipo derivados del uso de la informaci\u00f3n proporcionada.<\/p>\n<p><strong>Aviso de responsabilidad<\/strong><\/p>\n<p>A pesar del minucioso control del contenido, no asumimos ninguna responsabilidad por el contenido de los enlaces externos. Los operadores de estas p\u00e1ginas web son los \u00fanicos responsables de su contenido.<\/p>\n<\/div><\/div><\/div><\/div><\/div>\n","protected":false},"excerpt":{"rendered":"","protected":false},"author":1,"featured_media":0,"parent":0,"menu_order":0,"comment_status":"closed","ping_status":"closed","template":"100-width.php","meta":{"footnotes":""},"class_list":["post-4721","page","type-page","status-publish","hentry"],"yoast_head":"<!-- This site is optimized with the Yoast SEO plugin v16.7 - https:\/\/yoast.com\/wordpress\/plugins\/seo\/ -->\n<title>Informaci\u00f3n legal - Schilliger France - Deutschland<\/title>\n<meta name=\"description\" content=\"Schilliger Bois SAS Rue du Port Rh\u00e9nan F-68600 Volgelsheim www.schilliger.fr Production CLT, bois lamell\u00e9 coll\u00e9, bois massif, raboterie.\" \/>\n<meta name=\"robots\" content=\"index, follow, max-snippet:-1, max-image-preview:large, max-video-preview:-1\" \/>\n<link rel=\"canonical\" href=\"https:\/\/www.schilliger.fr\/es\/informacion-legal\/\" \/>\n<meta property=\"og:locale\" content=\"es_ES\" \/>\n<meta property=\"og:type\" content=\"article\" \/>\n<meta property=\"og:title\" content=\"Informaci\u00f3n legal - Schilliger France - Deutschland\" \/>\n<meta property=\"og:description\" content=\"Schilliger Bois SAS Rue du Port Rh\u00e9nan F-68600 Volgelsheim www.schilliger.fr Production CLT, bois lamell\u00e9 coll\u00e9, bois massif, raboterie.\" \/>\n<meta property=\"og:url\" content=\"https:\/\/www.schilliger.fr\/es\/informacion-legal\/\" \/>\n<meta property=\"og:site_name\" content=\"Schilliger France - Deutschland\" \/>\n<meta property=\"article:modified_time\" content=\"2023-03-06T16:12:27+00:00\" \/>\n<meta name=\"twitter:card\" content=\"summary\" \/>\n<meta name=\"twitter:label1\" content=\"Tiempo de lectura\" \/>\n\t<meta name=\"twitter:data1\" content=\"2 minutos\" \/>\n<script type=\"application\/ld+json\" class=\"yoast-schema-graph\">{\"@context\":\"https:\/\/schema.org\",\"@graph\":[{\"@type\":\"WebSite\",\"@id\":\"https:\/\/www.schilliger.fr\/es\/#website\",\"url\":\"https:\/\/www.schilliger.fr\/es\/\",\"name\":\"Schilliger France - Deutschland\",\"description\":\"\",\"potentialAction\":[{\"@type\":\"SearchAction\",\"target\":{\"@type\":\"EntryPoint\",\"urlTemplate\":\"https:\/\/www.schilliger.fr\/es\/?s={search_term_string}\"},\"query-input\":\"required name=search_term_string\"}],\"inLanguage\":\"es\"},{\"@type\":\"WebPage\",\"@id\":\"https:\/\/www.schilliger.fr\/es\/informacion-legal\/#webpage\",\"url\":\"https:\/\/www.schilliger.fr\/es\/informacion-legal\/\",\"name\":\"Informaci\\u00f3n legal - Schilliger France - Deutschland\",\"isPartOf\":{\"@id\":\"https:\/\/www.schilliger.fr\/es\/#website\"},\"datePublished\":\"2016-10-20T07:17:06+00:00\",\"dateModified\":\"2023-03-06T16:12:27+00:00\",\"description\":\"Schilliger Bois SAS Rue du Port Rh\\u00e9nan F-68600 Volgelsheim www.schilliger.fr Production CLT, bois lamell\\u00e9 coll\\u00e9, bois massif, raboterie.\",\"breadcrumb\":{\"@id\":\"https:\/\/www.schilliger.fr\/es\/informacion-legal\/#breadcrumb\"},\"inLanguage\":\"es\",\"potentialAction\":[{\"@type\":\"ReadAction\",\"target\":[\"https:\/\/www.schilliger.fr\/es\/informacion-legal\/\"]}]},{\"@type\":\"BreadcrumbList\",\"@id\":\"https:\/\/www.schilliger.fr\/es\/informacion-legal\/#breadcrumb\",\"itemListElement\":[{\"@type\":\"ListItem\",\"position\":1,\"name\":\"Accueil\",\"item\":\"https:\/\/www.schilliger.fr\/es\/\"},{\"@type\":\"ListItem\",\"position\":2,\"name\":\"Informaci\\u00f3n legal\"}]}]}<\/script>\n<!-- \/ Yoast SEO plugin. -->","yoast_head_json":{"title":"Informaci\u00f3n legal - Schilliger France - Deutschland","description":"Schilliger Bois SAS Rue du Port Rh\u00e9nan F-68600 Volgelsheim www.schilliger.fr Production CLT, bois lamell\u00e9 coll\u00e9, bois massif, raboterie.","robots":{"index":"index","follow":"follow","max-snippet":"max-snippet:-1","max-image-preview":"max-image-preview:large","max-video-preview":"max-video-preview:-1"},"canonical":"https:\/\/www.schilliger.fr\/es\/informacion-legal\/","og_locale":"es_ES","og_type":"article","og_title":"Informaci\u00f3n legal - Schilliger France - Deutschland","og_description":"Schilliger Bois SAS Rue du Port Rh\u00e9nan F-68600 Volgelsheim www.schilliger.fr Production CLT, bois lamell\u00e9 coll\u00e9, bois massif, raboterie.","og_url":"https:\/\/www.schilliger.fr\/es\/informacion-legal\/","og_site_name":"Schilliger France - Deutschland","article_modified_time":"2023-03-06T16:12:27+00:00","twitter_card":"summary","twitter_misc":{"Tiempo de lectura":"2 minutos"},"schema":{"@context":"https:\/\/schema.org","@graph":[{"@type":"WebSite","@id":"https:\/\/www.schilliger.fr\/es\/#website","url":"https:\/\/www.schilliger.fr\/es\/","name":"Schilliger France - Deutschland","description":"","potentialAction":[{"@type":"SearchAction","target":{"@type":"EntryPoint","urlTemplate":"https:\/\/www.schilliger.fr\/es\/?s={search_term_string}"},"query-input":"required name=search_term_string"}],"inLanguage":"es"},{"@type":"WebPage","@id":"https:\/\/www.schilliger.fr\/es\/informacion-legal\/#webpage","url":"https:\/\/www.schilliger.fr\/es\/informacion-legal\/","name":"Informaci\u00f3n legal - Schilliger France - Deutschland","isPartOf":{"@id":"https:\/\/www.schilliger.fr\/es\/#website"},"datePublished":"2016-10-20T07:17:06+00:00","dateModified":"2023-03-06T16:12:27+00:00","description":"Schilliger Bois SAS Rue du Port Rh\u00e9nan F-68600 Volgelsheim www.schilliger.fr Production CLT, bois lamell\u00e9 coll\u00e9, bois massif, raboterie.","breadcrumb":{"@id":"https:\/\/www.schilliger.fr\/es\/informacion-legal\/#breadcrumb"},"inLanguage":"es","potentialAction":[{"@type":"ReadAction","target":["https:\/\/www.schilliger.fr\/es\/informacion-legal\/"]}]},{"@type":"BreadcrumbList","@id":"https:\/\/www.schilliger.fr\/es\/informacion-legal\/#breadcrumb","itemListElement":[{"@type":"ListItem","position":1,"name":"Accueil","item":"https:\/\/www.schilliger.fr\/es\/"},{"@type":"ListItem","position":2,"name":"Informaci\u00f3n legal"}]}]}},"_links":{"self":[{"href":"https:\/\/www.schilliger.fr\/es\/wp-json\/wp\/v2\/pages\/4721","targetHints":{"allow":["GET"]}}],"collection":[{"href":"https:\/\/www.schilliger.fr\/es\/wp-json\/wp\/v2\/pages"}],"about":[{"href":"https:\/\/www.schilliger.fr\/es\/wp-json\/wp\/v2\/types\/page"}],"author":[{"embeddable":true,"href":"https:\/\/www.schilliger.fr\/es\/wp-json\/wp\/v2\/users\/1"}],"replies":[{"embeddable":true,"href":"https:\/\/www.schilliger.fr\/es\/wp-json\/wp\/v2\/comments?post=4721"}],"version-history":[{"count":4,"href":"https:\/\/www.schilliger.fr\/es\/wp-json\/wp\/v2\/pages\/4721\/revisions"}],"predecessor-version":[{"id":4953,"href":"https:\/\/www.schilliger.fr\/es\/wp-json\/wp\/v2\/pages\/4721\/revisions\/4953"}],"wp:attachment":[{"href":"https:\/\/www.schilliger.fr\/es\/wp-json\/wp\/v2\/media?parent=4721"}],"curies":[{"name":"wp","href":"https:\/\/api.w.org\/{rel}","templated":true}]}}