{"id":4688,"date":"2016-12-29T08:58:44","date_gmt":"2016-12-29T07:58:44","guid":{"rendered":"https:\/\/www.schilliger.fr\/madera-redonda\/modalites-d-achat\/"},"modified":"2023-07-06T09:38:09","modified_gmt":"2023-07-06T07:38:09","slug":"condiciones-de-compra","status":"publish","type":"page","link":"https:\/\/www.schilliger.fr\/es\/madera-redonda\/condiciones-de-compra\/","title":{"rendered":"Condiciones de compra"},"content":{"rendered":"<div class=\"fusion-fullwidth fullwidth-box fusion-builder-row-1 nonhundred-percent-fullwidth non-hundred-percent-height-scrolling\" style=\"--awb-background-position:left top;--awb-border-sizes-top:0px;--awb-border-sizes-bottom:0px;--awb-border-sizes-left:0px;--awb-border-sizes-right:0px;--awb-border-radius-top-left:0px;--awb-border-radius-top-right:0px;--awb-border-radius-bottom-right:0px;--awb-border-radius-bottom-left:0px;--awb-padding-top:100px;--awb-padding-bottom:100px;--awb-flex-wrap:wrap;\" ><div class=\"fusion-builder-row fusion-row\"><div class=\"fusion-layout-column fusion_builder_column fusion-builder-column-0 fusion_builder_column_3_5 3_5 fusion-three-fifth fusion-column-first content--left\" style=\"--awb-bg-size:cover;width:58.4%; margin-right: 4%;\"><div class=\"fusion-column-wrapper fusion-flex-column-wrapper-legacy\"><div class=\"fusion-title title fusion-title-1 fusion-sep-none fusion-title-text fusion-title-size-two\"><h2 class=\"fusion-title-heading title-heading-left\" style=\"margin:0;\">C\u00f3mo comprar<\/h2><\/div><div class=\"fusion-text fusion-text-1\" style=\"--awb-text-transform:none;\"><h3>Compra con entrega en el aserradero:<\/h3>\n<p>Puede entregar sus productos directamente en el aserradero. Sus entregas se incluir\u00e1n en nuestra planificaci\u00f3n semanal.<\/p>\n<h3>Compra al borde de la carretera :<\/h3>\n<p>Compramos su madera a pie de carretera en cubicaci\u00f3n forestal o en aserradero. El transporte se conf\u00eda a empresas asociadas\u00a0con las que trabajamos en total confianza desde hace muchos a\u00f1os.<\/p>\n<h3>Compra en pie :<\/h3>\n<p>Tambi\u00e9n podemos organizar para usted la preparaci\u00f3n de los cortes y garantizar la explotaci\u00f3n de la madera, incluso en terrenos dif\u00edciles (zonas h\u00famedas o pendientes pronunciadas).<\/p>\n<\/div><div class=\"fusion-clearfix\"><\/div><\/div><\/div><div class=\"fusion-layout-column fusion_builder_column fusion-builder-column-1 fusion_builder_column_2_5 2_5 fusion-two-fifth fusion-column-last\" style=\"--awb-bg-size:cover;width:37.6%;\"><div class=\"fusion-column-wrapper fusion-flex-column-wrapper-legacy\"><div class=\"fusion-image-element in-legacy-container\" style=\"--awb-caption-title-font-family:var(--h2_typography-font-family);--awb-caption-title-font-weight:var(--h2_typography-font-weight);--awb-caption-title-font-style:var(--h2_typography-font-style);--awb-caption-title-size:var(--h2_typography-font-size);--awb-caption-title-transform:var(--h2_typography-text-transform);--awb-caption-title-line-height:var(--h2_typography-line-height);--awb-caption-title-letter-spacing:var(--h2_typography-letter-spacing);\"><span class=\" fusion-imageframe imageframe-none imageframe-1 hover-type-none\"><img decoding=\"async\" width=\"800\" height=\"533\" title=\"modalites-achat\" src=\"http:\/\/www.schilliger.fr\/wp-content\/uploads\/sites\/6\/2016\/12\/modalites-achat.jpg\" alt class=\"img-responsive wp-image-4225\" srcset=\"https:\/\/www.schilliger.fr\/wp-content\/uploads\/sites\/6\/2016\/12\/modalites-achat-200x133.jpg 200w, https:\/\/www.schilliger.fr\/wp-content\/uploads\/sites\/6\/2016\/12\/modalites-achat-400x267.jpg 400w, https:\/\/www.schilliger.fr\/wp-content\/uploads\/sites\/6\/2016\/12\/modalites-achat-600x400.jpg 600w, https:\/\/www.schilliger.fr\/wp-content\/uploads\/sites\/6\/2016\/12\/modalites-achat.jpg 800w\" sizes=\"(max-width: 800px) 100vw, 600px\" \/><\/span><\/div><div class=\"fusion-text fusion-text-2\" style=\"--awb-text-transform:none;\"><p style=\"text-align: center;\"><em>Astillero de Volgelsheim<\/em><\/p>\n<\/div><div class=\"fusion-clearfix\"><\/div><\/div><\/div><\/div><\/div>\n","protected":false},"excerpt":{"rendered":"","protected":false},"author":1,"featured_media":0,"parent":4670,"menu_order":0,"comment_status":"closed","ping_status":"closed","template":"100-width.php","meta":{"footnotes":""},"class_list":["post-4688","page","type-page","status-publish","hentry"],"yoast_head":"<!-- This site is optimized with the Yoast SEO plugin v16.7 - https:\/\/yoast.com\/wordpress\/plugins\/seo\/ -->\n<title>Condiciones de compra - Schilliger France - Deutschland<\/title>\n<meta name=\"robots\" content=\"index, follow, max-snippet:-1, max-image-preview:large, max-video-preview:-1\" \/>\n<link rel=\"canonical\" href=\"https:\/\/www.schilliger.fr\/es\/madera-redonda\/condiciones-de-compra\/\" \/>\n<meta property=\"og:locale\" content=\"es_ES\" \/>\n<meta property=\"og:type\" content=\"article\" \/>\n<meta property=\"og:title\" content=\"Condiciones de compra - Schilliger France - Deutschland\" \/>\n<meta property=\"og:url\" content=\"https:\/\/www.schilliger.fr\/es\/madera-redonda\/condiciones-de-compra\/\" \/>\n<meta property=\"og:site_name\" content=\"Schilliger France - Deutschland\" \/>\n<meta property=\"article:modified_time\" content=\"2023-07-06T07:38:09+00:00\" \/>\n<meta name=\"twitter:card\" content=\"summary\" \/>\n<meta name=\"twitter:label1\" content=\"Tiempo de lectura\" \/>\n\t<meta name=\"twitter:data1\" content=\"3 minutos\" \/>\n<script type=\"application\/ld+json\" class=\"yoast-schema-graph\">{\"@context\":\"https:\/\/schema.org\",\"@graph\":[{\"@type\":\"WebSite\",\"@id\":\"https:\/\/www.schilliger.fr\/es\/#website\",\"url\":\"https:\/\/www.schilliger.fr\/es\/\",\"name\":\"Schilliger France - Deutschland\",\"description\":\"\",\"potentialAction\":[{\"@type\":\"SearchAction\",\"target\":{\"@type\":\"EntryPoint\",\"urlTemplate\":\"https:\/\/www.schilliger.fr\/es\/?s={search_term_string}\"},\"query-input\":\"required name=search_term_string\"}],\"inLanguage\":\"es\"},{\"@type\":\"WebPage\",\"@id\":\"https:\/\/www.schilliger.fr\/es\/madera-redonda\/condiciones-de-compra\/#webpage\",\"url\":\"https:\/\/www.schilliger.fr\/es\/madera-redonda\/condiciones-de-compra\/\",\"name\":\"Condiciones de compra - Schilliger France - Deutschland\",\"isPartOf\":{\"@id\":\"https:\/\/www.schilliger.fr\/es\/#website\"},\"datePublished\":\"2016-12-29T07:58:44+00:00\",\"dateModified\":\"2023-07-06T07:38:09+00:00\",\"breadcrumb\":{\"@id\":\"https:\/\/www.schilliger.fr\/es\/madera-redonda\/condiciones-de-compra\/#breadcrumb\"},\"inLanguage\":\"es\",\"potentialAction\":[{\"@type\":\"ReadAction\",\"target\":[\"https:\/\/www.schilliger.fr\/es\/madera-redonda\/condiciones-de-compra\/\"]}]},{\"@type\":\"BreadcrumbList\",\"@id\":\"https:\/\/www.schilliger.fr\/es\/madera-redonda\/condiciones-de-compra\/#breadcrumb\",\"itemListElement\":[{\"@type\":\"ListItem\",\"position\":1,\"name\":\"Accueil\",\"item\":\"https:\/\/www.schilliger.fr\/es\/\"},{\"@type\":\"ListItem\",\"position\":2,\"name\":\"Madera redonda\",\"item\":\"https:\/\/www.schilliger.fr\/es\/madera-redonda\/\"},{\"@type\":\"ListItem\",\"position\":3,\"name\":\"Condiciones de compra\"}]}]}<\/script>\n<!-- \/ Yoast SEO plugin. -->","yoast_head_json":{"title":"Condiciones de compra - Schilliger France - Deutschland","robots":{"index":"index","follow":"follow","max-snippet":"max-snippet:-1","max-image-preview":"max-image-preview:large","max-video-preview":"max-video-preview:-1"},"canonical":"https:\/\/www.schilliger.fr\/es\/madera-redonda\/condiciones-de-compra\/","og_locale":"es_ES","og_type":"article","og_title":"Condiciones de compra - Schilliger France - Deutschland","og_url":"https:\/\/www.schilliger.fr\/es\/madera-redonda\/condiciones-de-compra\/","og_site_name":"Schilliger France - Deutschland","article_modified_time":"2023-07-06T07:38:09+00:00","twitter_card":"summary","twitter_misc":{"Tiempo de lectura":"3 minutos"},"schema":{"@context":"https:\/\/schema.org","@graph":[{"@type":"WebSite","@id":"https:\/\/www.schilliger.fr\/es\/#website","url":"https:\/\/www.schilliger.fr\/es\/","name":"Schilliger France - Deutschland","description":"","potentialAction":[{"@type":"SearchAction","target":{"@type":"EntryPoint","urlTemplate":"https:\/\/www.schilliger.fr\/es\/?s={search_term_string}"},"query-input":"required name=search_term_string"}],"inLanguage":"es"},{"@type":"WebPage","@id":"https:\/\/www.schilliger.fr\/es\/madera-redonda\/condiciones-de-compra\/#webpage","url":"https:\/\/www.schilliger.fr\/es\/madera-redonda\/condiciones-de-compra\/","name":"Condiciones de compra - Schilliger France - Deutschland","isPartOf":{"@id":"https:\/\/www.schilliger.fr\/es\/#website"},"datePublished":"2016-12-29T07:58:44+00:00","dateModified":"2023-07-06T07:38:09+00:00","breadcrumb":{"@id":"https:\/\/www.schilliger.fr\/es\/madera-redonda\/condiciones-de-compra\/#breadcrumb"},"inLanguage":"es","potentialAction":[{"@type":"ReadAction","target":["https:\/\/www.schilliger.fr\/es\/madera-redonda\/condiciones-de-compra\/"]}]},{"@type":"BreadcrumbList","@id":"https:\/\/www.schilliger.fr\/es\/madera-redonda\/condiciones-de-compra\/#breadcrumb","itemListElement":[{"@type":"ListItem","position":1,"name":"Accueil","item":"https:\/\/www.schilliger.fr\/es\/"},{"@type":"ListItem","position":2,"name":"Madera redonda","item":"https:\/\/www.schilliger.fr\/es\/madera-redonda\/"},{"@type":"ListItem","position":3,"name":"Condiciones de compra"}]}]}},"_links":{"self":[{"href":"https:\/\/www.schilliger.fr\/es\/wp-json\/wp\/v2\/pages\/4688","targetHints":{"allow":["GET"]}}],"collection":[{"href":"https:\/\/www.schilliger.fr\/es\/wp-json\/wp\/v2\/pages"}],"about":[{"href":"https:\/\/www.schilliger.fr\/es\/wp-json\/wp\/v2\/types\/page"}],"author":[{"embeddable":true,"href":"https:\/\/www.schilliger.fr\/es\/wp-json\/wp\/v2\/users\/1"}],"replies":[{"embeddable":true,"href":"https:\/\/www.schilliger.fr\/es\/wp-json\/wp\/v2\/comments?post=4688"}],"version-history":[{"count":3,"href":"https:\/\/www.schilliger.fr\/es\/wp-json\/wp\/v2\/pages\/4688\/revisions"}],"predecessor-version":[{"id":5195,"href":"https:\/\/www.schilliger.fr\/es\/wp-json\/wp\/v2\/pages\/4688\/revisions\/5195"}],"up":[{"embeddable":true,"href":"https:\/\/www.schilliger.fr\/es\/wp-json\/wp\/v2\/pages\/4670"}],"wp:attachment":[{"href":"https:\/\/www.schilliger.fr\/es\/wp-json\/wp\/v2\/media?parent=4688"}],"curies":[{"name":"wp","href":"https:\/\/api.w.org\/{rel}","templated":true}]}}