{"id":13734,"date":"2025-07-28T14:17:39","date_gmt":"2025-07-28T12:17:39","guid":{"rendered":"https:\/\/www.schilliger.fr\/?page_id=13734"},"modified":"2025-10-23T13:59:07","modified_gmt":"2025-10-23T11:59:07","slug":"panneaux-cl-therm-clt-avec-isolants-en-fibres-de-bois","status":"publish","type":"page","link":"https:\/\/www.schilliger.fr\/en\/products\/panneaux-cl-therm-clt-avec-isolants-en-fibres-de-bois\/","title":{"rendered":"Panneaux CL-Therm : CLT avec isolants en fibres de bois"},"content":{"rendered":"<p><div class=\"fusion-fullwidth fullwidth-box fusion-builder-row-1 fusion-flex-container nonhundred-percent-fullwidth non-hundred-percent-height-scrolling\" style=\"--awb-border-radius-top-left:0px;--awb-border-radius-top-right:0px;--awb-border-radius-bottom-right:0px;--awb-border-radius-bottom-left:0px;--awb-flex-wrap:wrap;\" ><div class=\"fusion-builder-row fusion-row fusion-flex-align-items-flex-start fusion-flex-content-wrap\" style=\"max-width:1144px;margin-left: calc(-4% \/ 2 );margin-right: calc(-4% \/ 2 );\"><div class=\"fusion-layout-column fusion_builder_column fusion-builder-column-0 fusion_builder_column_1_1 1_1 fusion-flex-column\" style=\"--awb-bg-size:cover;--awb-width-large:100%;--awb-margin-top-large:0px;--awb-spacing-right-large:1.92%;--awb-margin-bottom-large:20px;--awb-spacing-left-large:1.92%;--awb-width-medium:100%;--awb-order-medium:0;--awb-spacing-right-medium:1.92%;--awb-spacing-left-medium:1.92%;--awb-width-small:100%;--awb-order-small:0;--awb-spacing-right-small:1.92%;--awb-spacing-left-small:1.92%;\"><div class=\"fusion-column-wrapper fusion-column-has-shadow fusion-flex-justify-content-flex-start fusion-content-layout-column\"><h1 style=\"font-size: 24px !important;\">Panneaux CL-Therm<\/h1><div class=\"fusion-text fusion-text-1\" style=\"--awb-text-transform:none;\"><p>Vous construisez d\u00e9j\u00e0 en CLT ? Adoptez le CL-Therm, l\u2019\u00e9volution naturelle du CLT.<\/p>\n<\/div><div class=\"fusion-separator fusion-full-width-sep\" style=\"align-self: center;margin-left: auto;margin-right: auto;width:100%;\"><div class=\"fusion-separator-border sep-double\" style=\"--awb-height:20px;--awb-amount:20px;border-color:#e0dede;border-top-width:1px;border-bottom-width:1px;\"><\/div><\/div><div ><a class=\"fusion-button button-flat fusion-button-default-size button-default fusion-button-default button-1 fusion-button-default-span fusion-button-default-type\" target=\"_self\" href=\" https:\/\/www.schilliger.fr\/wp-content\/uploads\/sites\/6\/2025\/10\/Schilliger-Bois-CL-Therm-EN-WEB-small.pdf\"><span class=\"fusion-button-text awb-button__text awb-button__text--default\">Brochure CL-Therm<\/span><\/a><\/div><\/div><\/div><\/div><\/div><div class=\"fusion-fullwidth fullwidth-box fusion-builder-row-2 fusion-flex-container nonhundred-percent-fullwidth non-hundred-percent-height-scrolling\" style=\"--awb-border-radius-top-left:0px;--awb-border-radius-top-right:0px;--awb-border-radius-bottom-right:0px;--awb-border-radius-bottom-left:0px;--awb-flex-wrap:wrap;\" ><div class=\"fusion-builder-row fusion-row fusion-flex-align-items-flex-start fusion-flex-content-wrap\" style=\"max-width:1144px;margin-left: calc(-4% \/ 2 );margin-right: calc(-4% \/ 2 );\"><div class=\"fusion-layout-column fusion_builder_column fusion-builder-column-1 fusion_builder_column_1_2 1_2 fusion-flex-column\" style=\"--awb-bg-size:cover;--awb-width-large:50%;--awb-margin-top-large:0px;--awb-spacing-right-large:3.84%;--awb-margin-bottom-large:20px;--awb-spacing-left-large:3.84%;--awb-width-medium:100%;--awb-order-medium:0;--awb-spacing-right-medium:1.92%;--awb-spacing-left-medium:1.92%;--awb-width-small:100%;--awb-order-small:0;--awb-spacing-right-small:1.92%;--awb-spacing-left-small:1.92%;\"><div class=\"fusion-column-wrapper fusion-column-has-shadow fusion-flex-justify-content-flex-start fusion-content-layout-column\"><div class=\"fusion-image-element \" style=\"--awb-caption-title-font-family:var(--h2_typography-font-family);--awb-caption-title-font-weight:var(--h2_typography-font-weight);--awb-caption-title-font-style:var(--h2_typography-font-style);--awb-caption-title-size:var(--h2_typography-font-size);--awb-caption-title-transform:var(--h2_typography-text-transform);--awb-caption-title-line-height:var(--h2_typography-line-height);--awb-caption-title-letter-spacing:var(--h2_typography-letter-spacing);\"><span class=\" fusion-imageframe imageframe-none imageframe-1 hover-type-none\"><a class=\"fusion-no-lightbox\" href=\"https:\/\/www.schilliger.fr\/wp-content\/uploads\/sites\/6\/2022\/11\/panneaux-bois-clt-construire-en-clt-schilliger-bois.jpg\" target=\"_blank\" aria-label=\"XTherm-0848\" rel=\"noopener noreferrer\"><img decoding=\"async\" width=\"2000\" height=\"1335\" alt=\"Panneaux bois CLT, compos\u00e9s de plusieurs couches crois\u00e9es de planches en bois massif s\u00e9ch\u00e9\" src=\"https:\/\/www.schilliger.fr\/wp-content\/uploads\/sites\/6\/2023\/11\/XTherm-0848-1.jpg\" class=\"img-responsive wp-image-5265\" srcset=\"https:\/\/www.schilliger.fr\/wp-content\/uploads\/sites\/6\/2023\/11\/XTherm-0848-1-200x134.jpg 200w, https:\/\/www.schilliger.fr\/wp-content\/uploads\/sites\/6\/2023\/11\/XTherm-0848-1-400x267.jpg 400w, https:\/\/www.schilliger.fr\/wp-content\/uploads\/sites\/6\/2023\/11\/XTherm-0848-1-600x401.jpg 600w, https:\/\/www.schilliger.fr\/wp-content\/uploads\/sites\/6\/2023\/11\/XTherm-0848-1-800x534.jpg 800w, https:\/\/www.schilliger.fr\/wp-content\/uploads\/sites\/6\/2023\/11\/XTherm-0848-1-1200x801.jpg 1200w, https:\/\/www.schilliger.fr\/wp-content\/uploads\/sites\/6\/2023\/11\/XTherm-0848-1.jpg 2000w\" sizes=\"(max-width: 1024px) 100vw, (max-width: 640px) 100vw, 600px\" \/><\/a><\/span><\/div><div class=\"fusion-separator fusion-full-width-sep\" style=\"align-self: center;margin-left: auto;margin-right: auto;margin-top:20px;width:100%;\"><\/div><\/div><\/div><div class=\"fusion-layout-column fusion_builder_column fusion-builder-column-2 fusion_builder_column_1_2 1_2 fusion-flex-column\" style=\"--awb-bg-size:cover;--awb-width-large:50%;--awb-margin-top-large:0px;--awb-spacing-right-large:3.84%;--awb-margin-bottom-large:20px;--awb-spacing-left-large:3.84%;--awb-width-medium:100%;--awb-order-medium:0;--awb-spacing-right-medium:1.92%;--awb-spacing-left-medium:1.92%;--awb-width-small:100%;--awb-order-small:0;--awb-spacing-right-small:1.92%;--awb-spacing-left-small:1.92%;\"><div class=\"fusion-column-wrapper fusion-column-has-shadow fusion-flex-justify-content-flex-start fusion-content-layout-column\"><h2 style=\"font-size: 24px !important;\">Notre produit<\/h2><ul style=\"--awb-line-height:27.2px;--awb-icon-width:27.2px;--awb-icon-height:27.2px;--awb-icon-margin:11.2px;--awb-content-margin:38.4px;--awb-circlecolor:#9d0d1c;--awb-circle-yes-font-size:14.08px;\" class=\"fusion-checklist fusion-checklist-1 fusion-checklist-default type-icons\"><li class=\"fusion-li-item\" style=\"\"><span class=\"icon-wrapper circle-yes\"><i class=\"fusion-li-icon awb-icon-check\" aria-hidden=\"true\"><\/i><\/span><div class=\"fusion-li-item-content\">\n<p>Un mur innovant, structurel et isolant<\/p>\n<\/div><\/li><li class=\"fusion-li-item\" style=\"\"><span class=\"icon-wrapper circle-yes\"><i class=\"fusion-li-icon awb-icon-check\" aria-hidden=\"true\"><\/i><\/span><div class=\"fusion-li-item-content\">\n<p>Disponible en de nombreux formats<\/p>\n<\/div><\/li><li class=\"fusion-li-item\" style=\"\"><span class=\"icon-wrapper circle-yes\"><i class=\"fusion-li-icon awb-icon-check\" aria-hidden=\"true\"><\/i><\/span><div class=\"fusion-li-item-content\">\n<p>Plusieurs \u00e9paisseurs possibles selon les exigences thermiques<\/p>\n<\/div><\/li><li class=\"fusion-li-item\" style=\"\"><span class=\"icon-wrapper circle-yes\"><i class=\"fusion-li-icon awb-icon-check\" aria-hidden=\"true\"><\/i><\/span><div class=\"fusion-li-item-content\">\n<p>Certifi\u00e9 (certification avis technique en cours, FDES\u2026)<\/p>\n<\/div><\/li><li class=\"fusion-li-item\" style=\"\"><span class=\"icon-wrapper circle-yes\"><i class=\"fusion-li-icon awb-icon-check\" aria-hidden=\"true\"><\/i><\/span><div class=\"fusion-li-item-content\">\n<p>Plusieurs qualit\u00e9s esth\u00e9tiques possibles<\/p>\n<\/div><\/li><li class=\"fusion-li-item\" style=\"\"><span class=\"icon-wrapper circle-yes\"><i class=\"fusion-li-icon awb-icon-check\" aria-hidden=\"true\"><\/i><\/span><div class=\"fusion-li-item-content\">\n<p>Panneaux \u00e0 chants coll\u00e9s<\/p>\n<\/div><\/li><li class=\"fusion-li-item\" style=\"\"><span class=\"icon-wrapper circle-yes\"><i class=\"fusion-li-icon awb-icon-check\" aria-hidden=\"true\"><\/i><\/span><div class=\"fusion-li-item-content\">\n<p>Calibrage \/ pon\u00e7age syst\u00e9matique<\/p>\n<\/div><\/li><li class=\"fusion-li-item\" style=\"\"><span class=\"icon-wrapper circle-yes\"><i class=\"fusion-li-icon awb-icon-check\" aria-hidden=\"true\"><\/i><\/span><div class=\"fusion-li-item-content\">\n<p>Taille \u00e0 fa\u00e7on sur demande<\/p>\n<\/div><\/li><li class=\"fusion-li-item\" style=\"\"><span class=\"icon-wrapper circle-yes\"><i class=\"fusion-li-icon awb-icon-check\" aria-hidden=\"true\"><\/i><\/span><div class=\"fusion-li-item-content\">\n<p>Traitements divers sur demande<\/p>\n<\/div><\/li><\/ul><\/div><\/div><\/div><\/div><div class=\"fusion-fullwidth fullwidth-box fusion-builder-row-3 fusion-flex-container nonhundred-percent-fullwidth non-hundred-percent-height-scrolling\" style=\"--awb-border-radius-top-left:0px;--awb-border-radius-top-right:0px;--awb-border-radius-bottom-right:0px;--awb-border-radius-bottom-left:0px;--awb-flex-wrap:wrap;\" ><div class=\"fusion-builder-row fusion-row fusion-flex-align-items-flex-start fusion-flex-content-wrap\" style=\"max-width:1144px;margin-left: calc(-4% \/ 2 );margin-right: calc(-4% \/ 2 );\"><div class=\"fusion-layout-column fusion_builder_column fusion-builder-column-3 fusion_builder_column_1_1 1_1 fusion-flex-column\" style=\"--awb-bg-size:cover;--awb-width-large:100%;--awb-margin-top-large:0px;--awb-spacing-right-large:1.92%;--awb-margin-bottom-large:20px;--awb-spacing-left-large:1.92%;--awb-width-medium:100%;--awb-order-medium:0;--awb-spacing-right-medium:1.92%;--awb-spacing-left-medium:1.92%;--awb-width-small:100%;--awb-order-small:0;--awb-spacing-right-small:1.92%;--awb-spacing-left-small:1.92%;\"><div class=\"fusion-column-wrapper fusion-column-has-shadow fusion-flex-justify-content-flex-start fusion-content-layout-column\"><div class=\"fusion-separator fusion-full-width-sep\" style=\"align-self: center;margin-left: auto;margin-right: auto;margin-top:20px;width:100%;\"><\/div><\/div><\/div><\/div><\/div><div class=\"fusion-fullwidth fullwidth-box fusion-builder-row-4 fusion-flex-container nonhundred-percent-fullwidth non-hundred-percent-height-scrolling\" style=\"--awb-border-radius-top-left:0px;--awb-border-radius-top-right:0px;--awb-border-radius-bottom-right:0px;--awb-border-radius-bottom-left:0px;--awb-flex-wrap:wrap;\" ><div class=\"fusion-builder-row fusion-row fusion-flex-align-items-flex-start fusion-flex-content-wrap\" style=\"max-width:1144px;margin-left: calc(-4% \/ 2 );margin-right: calc(-4% \/ 2 );\"><div class=\"fusion-layout-column fusion_builder_column fusion-builder-column-4 fusion_builder_column_1_2 1_2 fusion-flex-column\" style=\"--awb-bg-size:cover;--awb-width-large:50%;--awb-margin-top-large:0px;--awb-spacing-right-large:3.84%;--awb-margin-bottom-large:20px;--awb-spacing-left-large:3.84%;--awb-width-medium:100%;--awb-order-medium:0;--awb-spacing-right-medium:1.92%;--awb-spacing-left-medium:1.92%;--awb-width-small:100%;--awb-order-small:0;--awb-spacing-right-small:1.92%;--awb-spacing-left-small:1.92%;\"><div class=\"fusion-column-wrapper fusion-column-has-shadow fusion-flex-justify-content-flex-start fusion-content-layout-column\"><h2 style=\"font-size: 24px !important;\">Vos avantages<\/h2><div class=\"fusion-separator fusion-full-width-sep\" style=\"align-self: center;margin-left: auto;margin-right: auto;margin-top:20px;width:100%;\"><\/div><ul style=\"--awb-line-height:27.2px;--awb-icon-width:27.2px;--awb-icon-height:27.2px;--awb-icon-margin:11.2px;--awb-content-margin:38.4px;--awb-circlecolor:#9d0d1c;--awb-circle-yes-font-size:14.08px;\" class=\"fusion-checklist fusion-checklist-2 fusion-checklist-default type-icons\"><li class=\"fusion-li-item\" style=\"\"><span class=\"icon-wrapper circle-yes\"><i class=\"fusion-li-icon awb-icon-check\" aria-hidden=\"true\"><\/i><\/span><div class=\"fusion-li-item-content\">\n<p>Ressource bois optimis\u00e9e<\/p>\n<\/div><\/li><li class=\"fusion-li-item\" style=\"\"><span class=\"icon-wrapper circle-yes\"><i class=\"fusion-li-icon awb-icon-check\" aria-hidden=\"true\"><\/i><\/span><div class=\"fusion-li-item-content\">\n<p>Dur\u00e9e de chantier r\u00e9duite (isolant int\u00e9gr\u00e9)<\/p>\n<\/div><\/li><li class=\"fusion-li-item\" style=\"\"><span class=\"icon-wrapper circle-yes\"><i class=\"fusion-li-icon awb-icon-check\" aria-hidden=\"true\"><\/i><\/span><div class=\"fusion-li-item-content\">\n<p>Moins de ferrures et visserie<\/p>\n<\/div><\/li><li class=\"fusion-li-item\" style=\"\"><span class=\"icon-wrapper circle-yes\"><i class=\"fusion-li-icon awb-icon-check\" aria-hidden=\"true\"><\/i><\/span><div class=\"fusion-li-item-content\">\n<p>Support technique sur demande<\/p>\n<\/div><\/li><\/ul><div class=\"fusion-separator fusion-full-width-sep\" style=\"align-self: center;margin-left: auto;margin-right: auto;margin-top:20px;width:100%;\"><\/div><div class=\"fusion-text fusion-text-2\" style=\"--awb-text-transform:none;\"><p>Et surtout\u2026<\/p>\n<p><strong>Produit en France \u00e0 partir de <a href=\"https:\/\/www.schilliger.fr\/certificats\/bois-de-france\/\">bois fran\u00e7ais<\/a><\/strong><\/p>\n<\/div><\/div><\/div><div class=\"fusion-layout-column fusion_builder_column fusion-builder-column-5 fusion_builder_column_1_2 1_2 fusion-flex-column\" style=\"--awb-bg-size:cover;--awb-width-large:50%;--awb-margin-top-large:0px;--awb-spacing-right-large:3.84%;--awb-margin-bottom-large:20px;--awb-spacing-left-large:3.84%;--awb-width-medium:100%;--awb-order-medium:0;--awb-spacing-right-medium:1.92%;--awb-spacing-left-medium:1.92%;--awb-width-small:100%;--awb-order-small:0;--awb-spacing-right-small:1.92%;--awb-spacing-left-small:1.92%;\"><div class=\"fusion-column-wrapper fusion-column-has-shadow fusion-flex-justify-content-flex-start fusion-content-layout-column\"><div class=\"fusion-separator fusion-full-width-sep\" style=\"align-self: center;margin-left: auto;margin-right: auto;margin-top:20px;width:100%;\"><\/div><div class=\"fusion-image-element \" style=\"--awb-caption-title-font-family:var(--h2_typography-font-family);--awb-caption-title-font-weight:var(--h2_typography-font-weight);--awb-caption-title-font-style:var(--h2_typography-font-style);--awb-caption-title-size:var(--h2_typography-font-size);--awb-caption-title-transform:var(--h2_typography-text-transform);--awb-caption-title-line-height:var(--h2_typography-line-height);--awb-caption-title-letter-spacing:var(--h2_typography-letter-spacing);\"><span class=\" fusion-imageframe imageframe-none imageframe-2 hover-type-none\"><a class=\"fusion-no-lightbox\" href=\"https:\/\/www.schilliger.fr\/wp-content\/uploads\/sites\/6\/2022\/11\/panneaux-bois-clt-construire-en-clt-schilliger-bois.jpg\" target=\"_blank\" aria-label=\"Definitiv-UH CLTherm_3d_Export-12,11,24\" rel=\"noopener noreferrer\"><img decoding=\"async\" width=\"2560\" height=\"1029\" alt=\"Panneaux bois CLT, compos\u00e9s de plusieurs couches crois\u00e9es de planches en bois massif s\u00e9ch\u00e9\" src=\"https:\/\/www.schilliger.fr\/wp-content\/uploads\/sites\/6\/2024\/11\/Definitiv-UH-CLTherm_3d_Export-121124-scaled.jpg\" class=\"img-responsive wp-image-6214\" srcset=\"https:\/\/www.schilliger.fr\/wp-content\/uploads\/sites\/6\/2024\/11\/Definitiv-UH-CLTherm_3d_Export-121124-200x80.jpg 200w, https:\/\/www.schilliger.fr\/wp-content\/uploads\/sites\/6\/2024\/11\/Definitiv-UH-CLTherm_3d_Export-121124-400x161.jpg 400w, https:\/\/www.schilliger.fr\/wp-content\/uploads\/sites\/6\/2024\/11\/Definitiv-UH-CLTherm_3d_Export-121124-600x241.jpg 600w, https:\/\/www.schilliger.fr\/wp-content\/uploads\/sites\/6\/2024\/11\/Definitiv-UH-CLTherm_3d_Export-121124-800x322.jpg 800w, https:\/\/www.schilliger.fr\/wp-content\/uploads\/sites\/6\/2024\/11\/Definitiv-UH-CLTherm_3d_Export-121124-1200x482.jpg 1200w, https:\/\/www.schilliger.fr\/wp-content\/uploads\/sites\/6\/2024\/11\/Definitiv-UH-CLTherm_3d_Export-121124-scaled.jpg 2560w\" sizes=\"(max-width: 1024px) 100vw, (max-width: 640px) 100vw, 600px\" \/><\/a><\/span><\/div><div class=\"fusion-separator fusion-full-width-sep\" style=\"align-self: center;margin-left: auto;margin-right: auto;margin-top:20px;width:100%;\"><\/div><\/div><\/div><\/div><\/div><\/p>\n","protected":false},"excerpt":{"rendered":"","protected":false},"author":1,"featured_media":0,"parent":6339,"menu_order":0,"comment_status":"closed","ping_status":"closed","template":"","meta":{"footnotes":""},"class_list":["post-13734","page","type-page","status-publish","hentry"],"yoast_head":"<!-- This site is optimized with the Yoast SEO plugin v16.7 - https:\/\/yoast.com\/wordpress\/plugins\/seo\/ -->\n<title>Panneaux CL-Therm : CLT avec isolants en fibres de bois - Schilliger France - Deutschland<\/title>\n<meta name=\"robots\" content=\"index, follow, max-snippet:-1, max-image-preview:large, max-video-preview:-1\" \/>\n<link rel=\"canonical\" href=\"https:\/\/www.schilliger.fr\/en\/products\/panneaux-cl-therm-clt-avec-isolants-en-fibres-de-bois\/\" \/>\n<meta property=\"og:locale\" content=\"en_US\" \/>\n<meta property=\"og:type\" content=\"article\" \/>\n<meta property=\"og:title\" content=\"Panneaux CL-Therm : CLT avec isolants en fibres de bois - Schilliger France - Deutschland\" \/>\n<meta property=\"og:url\" content=\"https:\/\/www.schilliger.fr\/en\/products\/panneaux-cl-therm-clt-avec-isolants-en-fibres-de-bois\/\" \/>\n<meta property=\"og:site_name\" content=\"Schilliger France - Deutschland\" \/>\n<meta property=\"article:modified_time\" content=\"2025-10-23T11:59:07+00:00\" \/>\n<meta name=\"twitter:card\" content=\"summary\" \/>\n<meta name=\"twitter:label1\" content=\"Est. reading time\" \/>\n\t<meta name=\"twitter:data1\" content=\"13 minutes\" \/>\n<script type=\"application\/ld+json\" class=\"yoast-schema-graph\">{\"@context\":\"https:\/\/schema.org\",\"@graph\":[{\"@type\":\"WebSite\",\"@id\":\"https:\/\/www.schilliger.fr\/en\/#website\",\"url\":\"https:\/\/www.schilliger.fr\/en\/\",\"name\":\"Schilliger France - Deutschland\",\"description\":\"\",\"potentialAction\":[{\"@type\":\"SearchAction\",\"target\":{\"@type\":\"EntryPoint\",\"urlTemplate\":\"https:\/\/www.schilliger.fr\/en\/?s={search_term_string}\"},\"query-input\":\"required name=search_term_string\"}],\"inLanguage\":\"en-US\"},{\"@type\":\"WebPage\",\"@id\":\"https:\/\/www.schilliger.fr\/en\/products\/panneaux-cl-therm-clt-avec-isolants-en-fibres-de-bois\/#webpage\",\"url\":\"https:\/\/www.schilliger.fr\/en\/products\/panneaux-cl-therm-clt-avec-isolants-en-fibres-de-bois\/\",\"name\":\"Panneaux CL-Therm : CLT avec isolants en fibres de bois - Schilliger France - Deutschland\",\"isPartOf\":{\"@id\":\"https:\/\/www.schilliger.fr\/en\/#website\"},\"datePublished\":\"2025-07-28T12:17:39+00:00\",\"dateModified\":\"2025-10-23T11:59:07+00:00\",\"breadcrumb\":{\"@id\":\"https:\/\/www.schilliger.fr\/en\/products\/panneaux-cl-therm-clt-avec-isolants-en-fibres-de-bois\/#breadcrumb\"},\"inLanguage\":\"en-US\",\"potentialAction\":[{\"@type\":\"ReadAction\",\"target\":[\"https:\/\/www.schilliger.fr\/en\/products\/panneaux-cl-therm-clt-avec-isolants-en-fibres-de-bois\/\"]}]},{\"@type\":\"BreadcrumbList\",\"@id\":\"https:\/\/www.schilliger.fr\/en\/products\/panneaux-cl-therm-clt-avec-isolants-en-fibres-de-bois\/#breadcrumb\",\"itemListElement\":[{\"@type\":\"ListItem\",\"position\":1,\"name\":\"Accueil\",\"item\":\"https:\/\/www.schilliger.fr\/en\/\"},{\"@type\":\"ListItem\",\"position\":2,\"name\":\"Products\",\"item\":\"https:\/\/www.schilliger.fr\/en\/products\/\"},{\"@type\":\"ListItem\",\"position\":3,\"name\":\"Panneaux CL-Therm : CLT avec isolants en fibres de bois\"}]}]}<\/script>\n<!-- \/ Yoast SEO plugin. -->","yoast_head_json":{"title":"Panneaux CL-Therm : CLT avec isolants en fibres de bois - Schilliger France - Deutschland","robots":{"index":"index","follow":"follow","max-snippet":"max-snippet:-1","max-image-preview":"max-image-preview:large","max-video-preview":"max-video-preview:-1"},"canonical":"https:\/\/www.schilliger.fr\/en\/products\/panneaux-cl-therm-clt-avec-isolants-en-fibres-de-bois\/","og_locale":"en_US","og_type":"article","og_title":"Panneaux CL-Therm : CLT avec isolants en fibres de bois - Schilliger France - Deutschland","og_url":"https:\/\/www.schilliger.fr\/en\/products\/panneaux-cl-therm-clt-avec-isolants-en-fibres-de-bois\/","og_site_name":"Schilliger France - Deutschland","article_modified_time":"2025-10-23T11:59:07+00:00","twitter_card":"summary","twitter_misc":{"Est. reading time":"13 minutes"},"schema":{"@context":"https:\/\/schema.org","@graph":[{"@type":"WebSite","@id":"https:\/\/www.schilliger.fr\/en\/#website","url":"https:\/\/www.schilliger.fr\/en\/","name":"Schilliger France - Deutschland","description":"","potentialAction":[{"@type":"SearchAction","target":{"@type":"EntryPoint","urlTemplate":"https:\/\/www.schilliger.fr\/en\/?s={search_term_string}"},"query-input":"required name=search_term_string"}],"inLanguage":"en-US"},{"@type":"WebPage","@id":"https:\/\/www.schilliger.fr\/en\/products\/panneaux-cl-therm-clt-avec-isolants-en-fibres-de-bois\/#webpage","url":"https:\/\/www.schilliger.fr\/en\/products\/panneaux-cl-therm-clt-avec-isolants-en-fibres-de-bois\/","name":"Panneaux CL-Therm : CLT avec isolants en fibres de bois - Schilliger France - Deutschland","isPartOf":{"@id":"https:\/\/www.schilliger.fr\/en\/#website"},"datePublished":"2025-07-28T12:17:39+00:00","dateModified":"2025-10-23T11:59:07+00:00","breadcrumb":{"@id":"https:\/\/www.schilliger.fr\/en\/products\/panneaux-cl-therm-clt-avec-isolants-en-fibres-de-bois\/#breadcrumb"},"inLanguage":"en-US","potentialAction":[{"@type":"ReadAction","target":["https:\/\/www.schilliger.fr\/en\/products\/panneaux-cl-therm-clt-avec-isolants-en-fibres-de-bois\/"]}]},{"@type":"BreadcrumbList","@id":"https:\/\/www.schilliger.fr\/en\/products\/panneaux-cl-therm-clt-avec-isolants-en-fibres-de-bois\/#breadcrumb","itemListElement":[{"@type":"ListItem","position":1,"name":"Accueil","item":"https:\/\/www.schilliger.fr\/en\/"},{"@type":"ListItem","position":2,"name":"Products","item":"https:\/\/www.schilliger.fr\/en\/products\/"},{"@type":"ListItem","position":3,"name":"Panneaux CL-Therm : CLT avec isolants en fibres de bois"}]}]}},"_links":{"self":[{"href":"https:\/\/www.schilliger.fr\/en\/wp-json\/wp\/v2\/pages\/13734","targetHints":{"allow":["GET"]}}],"collection":[{"href":"https:\/\/www.schilliger.fr\/en\/wp-json\/wp\/v2\/pages"}],"about":[{"href":"https:\/\/www.schilliger.fr\/en\/wp-json\/wp\/v2\/types\/page"}],"author":[{"embeddable":true,"href":"https:\/\/www.schilliger.fr\/en\/wp-json\/wp\/v2\/users\/1"}],"replies":[{"embeddable":true,"href":"https:\/\/www.schilliger.fr\/en\/wp-json\/wp\/v2\/comments?post=13734"}],"version-history":[{"count":2,"href":"https:\/\/www.schilliger.fr\/en\/wp-json\/wp\/v2\/pages\/13734\/revisions"}],"predecessor-version":[{"id":13928,"href":"https:\/\/www.schilliger.fr\/en\/wp-json\/wp\/v2\/pages\/13734\/revisions\/13928"}],"up":[{"embeddable":true,"href":"https:\/\/www.schilliger.fr\/en\/wp-json\/wp\/v2\/pages\/6339"}],"wp:attachment":[{"href":"https:\/\/www.schilliger.fr\/en\/wp-json\/wp\/v2\/media?parent=13734"}],"curies":[{"name":"wp","href":"https:\/\/api.w.org\/{rel}","templated":true}]}}