{"id":698,"date":"2016-10-20T09:17:06","date_gmt":"2016-10-20T07:17:06","guid":{"rendered":"http:\/\/www.schilliger.fr\/mentionslegales\/"},"modified":"2022-05-09T09:20:13","modified_gmt":"2022-05-09T07:20:13","slug":"mentionslegales","status":"publish","type":"page","link":"https:\/\/www.schilliger.fr\/de\/mentionslegales\/","title":{"rendered":"Impressum"},"content":{"rendered":"<div class=\"fusion-fullwidth fullwidth-box fusion-builder-row-1 fusion-flex-container nonhundred-percent-fullwidth non-hundred-percent-height-scrolling\" style=\"--awb-border-radius-top-left:0px;--awb-border-radius-top-right:0px;--awb-border-radius-bottom-right:0px;--awb-border-radius-bottom-left:0px;--awb-flex-wrap:wrap;\" ><div class=\"fusion-builder-row fusion-row fusion-flex-align-items-flex-start fusion-flex-content-wrap\" style=\"max-width:1144px;margin-left: calc(-4% \/ 2 );margin-right: calc(-4% \/ 2 );\"><div class=\"fusion-layout-column fusion_builder_column fusion-builder-column-0 fusion_builder_column_1_1 1_1 fusion-flex-column\" style=\"--awb-bg-size:cover;--awb-width-large:100%;--awb-margin-top-large:0px;--awb-spacing-right-large:1.92%;--awb-margin-bottom-large:0px;--awb-spacing-left-large:1.92%;--awb-width-medium:100%;--awb-spacing-right-medium:1.92%;--awb-spacing-left-medium:1.92%;--awb-width-small:100%;--awb-spacing-right-small:1.92%;--awb-spacing-left-small:1.92%;\"><div class=\"fusion-column-wrapper fusion-flex-justify-content-flex-start fusion-content-layout-column\"><div class=\"fusion-text fusion-text-1\" style=\"--awb-text-transform:none;\"><p><strong>Schilliger Bois SAS<\/strong><br \/>\nS\u00e4gewerk\/Holzverarbeitungsbetrieb<br \/>\nRue du Port Rh\u00e9nan<br \/>\nF-68600 Volgelsheim<br \/>\nT\u00e9l. +33 (0)389 72 16 00<br \/>\nCourrier \u00e9lectronique : <a href=\"mailto:info@schilliger.fr\">info@schilliger.fr<\/a><\/p>\n<p><strong>Copyright \/ Bildnachweis<\/strong><br \/>\nDas Copyright f\u00fcr alle Texte, PDF-Dateien und grafischen Elemente liegt bei Schilliger Bois SAS. Das Verlinken auf diese Seiten sowie das Zitieren unter Angabe der Quelle (\u201dQuelle\/Copyright: Schilliger Bois SAS\u201d) ist erlaubt.<\/p>\n<p><strong>Haftungsausschluss<\/strong><br \/>\nBeim Zusammenstellen der auf diesen Webseiten enthaltenen Informationen gehen wir sehr sorgf\u00e4ltig vor. Dennoch k\u00f6nnen wir nicht f\u00fcr allf\u00e4llige Sch\u00e4den irgendwelcher Art verantwortlich gemacht werden, die im Zusammenhang mit der Benutzung der bereitgestellten Informationen entstehen.<\/p>\n<p><strong>Haftungshinweis<\/strong><br \/>\nTrotz sorgf\u00e4ltiger inhaltlicher Kontrolle \u00fcbernehmen wir keine Haftung f\u00fcr die Inhalte externer Links. F\u00fcr den Inhalt der verlinkten<\/p>\n<\/div><\/div><\/div><\/div><\/div>\n","protected":false},"excerpt":{"rendered":"","protected":false},"author":1,"featured_media":0,"parent":0,"menu_order":0,"comment_status":"closed","ping_status":"closed","template":"100-width.php","meta":{"footnotes":""},"class_list":["post-698","page","type-page","status-publish","hentry"],"yoast_head":"<!-- This site is optimized with the Yoast SEO plugin v16.7 - https:\/\/yoast.com\/wordpress\/plugins\/seo\/ -->\n<title>Impressum - Schilliger France - Deutschland<\/title>\n<meta name=\"description\" content=\"Schilliger Bois SAS Rue du Port Rh\u00e9nan F-68600 Volgelsheim www.schilliger.fr Produzent von CLT, Leimholz, Hobelware, Massivholz.\" \/>\n<meta name=\"robots\" content=\"index, follow, max-snippet:-1, max-image-preview:large, max-video-preview:-1\" \/>\n<link rel=\"canonical\" href=\"https:\/\/www.schilliger.fr\/de\/mentionslegales\/\" \/>\n<meta property=\"og:locale\" content=\"de_DE\" \/>\n<meta property=\"og:type\" content=\"article\" \/>\n<meta property=\"og:title\" content=\"Impressum - Schilliger France - Deutschland\" \/>\n<meta property=\"og:description\" content=\"Schilliger Bois SAS Rue du Port Rh\u00e9nan F-68600 Volgelsheim www.schilliger.fr Produzent von CLT, Leimholz, Hobelware, Massivholz.\" \/>\n<meta property=\"og:url\" content=\"https:\/\/www.schilliger.fr\/de\/mentionslegales\/\" \/>\n<meta property=\"og:site_name\" content=\"Schilliger France - Deutschland\" \/>\n<meta property=\"article:modified_time\" content=\"2022-05-09T07:20:13+00:00\" \/>\n<meta name=\"twitter:card\" content=\"summary\" \/>\n<meta name=\"twitter:label1\" content=\"Gesch\u00e4tzte Lesezeit\" \/>\n\t<meta name=\"twitter:data1\" content=\"2\u00a0Minuten\" \/>\n<script type=\"application\/ld+json\" class=\"yoast-schema-graph\">{\"@context\":\"https:\/\/schema.org\",\"@graph\":[{\"@type\":\"WebSite\",\"@id\":\"https:\/\/www.schilliger.fr\/de\/#website\",\"url\":\"https:\/\/www.schilliger.fr\/de\/\",\"name\":\"Schilliger France - Deutschland\",\"description\":\"\",\"potentialAction\":[{\"@type\":\"SearchAction\",\"target\":{\"@type\":\"EntryPoint\",\"urlTemplate\":\"https:\/\/www.schilliger.fr\/de\/?s={search_term_string}\"},\"query-input\":\"required name=search_term_string\"}],\"inLanguage\":\"de\"},{\"@type\":\"WebPage\",\"@id\":\"https:\/\/www.schilliger.fr\/de\/mentionslegales\/#webpage\",\"url\":\"https:\/\/www.schilliger.fr\/de\/mentionslegales\/\",\"name\":\"Impressum - Schilliger France - Deutschland\",\"isPartOf\":{\"@id\":\"https:\/\/www.schilliger.fr\/de\/#website\"},\"datePublished\":\"2016-10-20T07:17:06+00:00\",\"dateModified\":\"2022-05-09T07:20:13+00:00\",\"description\":\"Schilliger Bois SAS Rue du Port Rh\\u00e9nan F-68600 Volgelsheim www.schilliger.fr Produzent von CLT, Leimholz, Hobelware, Massivholz.\",\"breadcrumb\":{\"@id\":\"https:\/\/www.schilliger.fr\/de\/mentionslegales\/#breadcrumb\"},\"inLanguage\":\"de\",\"potentialAction\":[{\"@type\":\"ReadAction\",\"target\":[\"https:\/\/www.schilliger.fr\/de\/mentionslegales\/\"]}]},{\"@type\":\"BreadcrumbList\",\"@id\":\"https:\/\/www.schilliger.fr\/de\/mentionslegales\/#breadcrumb\",\"itemListElement\":[{\"@type\":\"ListItem\",\"position\":1,\"name\":\"Accueil\",\"item\":\"https:\/\/www.schilliger.fr\/de\/\"},{\"@type\":\"ListItem\",\"position\":2,\"name\":\"Impressum\"}]}]}<\/script>\n<!-- \/ Yoast SEO plugin. -->","yoast_head_json":{"title":"Impressum - Schilliger France - Deutschland","description":"Schilliger Bois SAS Rue du Port Rh\u00e9nan F-68600 Volgelsheim www.schilliger.fr Produzent von CLT, Leimholz, Hobelware, Massivholz.","robots":{"index":"index","follow":"follow","max-snippet":"max-snippet:-1","max-image-preview":"max-image-preview:large","max-video-preview":"max-video-preview:-1"},"canonical":"https:\/\/www.schilliger.fr\/de\/mentionslegales\/","og_locale":"de_DE","og_type":"article","og_title":"Impressum - Schilliger France - Deutschland","og_description":"Schilliger Bois SAS Rue du Port Rh\u00e9nan F-68600 Volgelsheim www.schilliger.fr Produzent von CLT, Leimholz, Hobelware, Massivholz.","og_url":"https:\/\/www.schilliger.fr\/de\/mentionslegales\/","og_site_name":"Schilliger France - Deutschland","article_modified_time":"2022-05-09T07:20:13+00:00","twitter_card":"summary","twitter_misc":{"Gesch\u00e4tzte Lesezeit":"2\u00a0Minuten"},"schema":{"@context":"https:\/\/schema.org","@graph":[{"@type":"WebSite","@id":"https:\/\/www.schilliger.fr\/de\/#website","url":"https:\/\/www.schilliger.fr\/de\/","name":"Schilliger France - Deutschland","description":"","potentialAction":[{"@type":"SearchAction","target":{"@type":"EntryPoint","urlTemplate":"https:\/\/www.schilliger.fr\/de\/?s={search_term_string}"},"query-input":"required name=search_term_string"}],"inLanguage":"de"},{"@type":"WebPage","@id":"https:\/\/www.schilliger.fr\/de\/mentionslegales\/#webpage","url":"https:\/\/www.schilliger.fr\/de\/mentionslegales\/","name":"Impressum - Schilliger France - Deutschland","isPartOf":{"@id":"https:\/\/www.schilliger.fr\/de\/#website"},"datePublished":"2016-10-20T07:17:06+00:00","dateModified":"2022-05-09T07:20:13+00:00","description":"Schilliger Bois SAS Rue du Port Rh\u00e9nan F-68600 Volgelsheim www.schilliger.fr Produzent von CLT, Leimholz, Hobelware, Massivholz.","breadcrumb":{"@id":"https:\/\/www.schilliger.fr\/de\/mentionslegales\/#breadcrumb"},"inLanguage":"de","potentialAction":[{"@type":"ReadAction","target":["https:\/\/www.schilliger.fr\/de\/mentionslegales\/"]}]},{"@type":"BreadcrumbList","@id":"https:\/\/www.schilliger.fr\/de\/mentionslegales\/#breadcrumb","itemListElement":[{"@type":"ListItem","position":1,"name":"Accueil","item":"https:\/\/www.schilliger.fr\/de\/"},{"@type":"ListItem","position":2,"name":"Impressum"}]}]}},"_links":{"self":[{"href":"https:\/\/www.schilliger.fr\/de\/wp-json\/wp\/v2\/pages\/698","targetHints":{"allow":["GET"]}}],"collection":[{"href":"https:\/\/www.schilliger.fr\/de\/wp-json\/wp\/v2\/pages"}],"about":[{"href":"https:\/\/www.schilliger.fr\/de\/wp-json\/wp\/v2\/types\/page"}],"author":[{"embeddable":true,"href":"https:\/\/www.schilliger.fr\/de\/wp-json\/wp\/v2\/users\/1"}],"replies":[{"embeddable":true,"href":"https:\/\/www.schilliger.fr\/de\/wp-json\/wp\/v2\/comments?post=698"}],"version-history":[{"count":6,"href":"https:\/\/www.schilliger.fr\/de\/wp-json\/wp\/v2\/pages\/698\/revisions"}],"predecessor-version":[{"id":3828,"href":"https:\/\/www.schilliger.fr\/de\/wp-json\/wp\/v2\/pages\/698\/revisions\/3828"}],"wp:attachment":[{"href":"https:\/\/www.schilliger.fr\/de\/wp-json\/wp\/v2\/media?parent=698"}],"curies":[{"name":"wp","href":"https:\/\/api.w.org\/{rel}","templated":true}]}}