{"id":5343,"date":"2023-11-09T18:07:39","date_gmt":"2023-11-09T17:07:39","guid":{"rendered":"https:\/\/www.schilliger.fr\/produkte\/panneaux-cl-therm\/"},"modified":"2026-04-30T17:05:20","modified_gmt":"2026-04-30T15:05:20","slug":"cl-therm-platten","status":"publish","type":"page","link":"https:\/\/www.schilliger.fr\/de\/produkte\/cl-therm-platten\/","title":{"rendered":"CL-Therm Platten"},"content":{"rendered":"<p><div class=\"fusion-fullwidth fullwidth-box fusion-builder-row-1 fusion-flex-container nonhundred-percent-fullwidth non-hundred-percent-height-scrolling\" style=\"--awb-border-radius-top-left:0px;--awb-border-radius-top-right:0px;--awb-border-radius-bottom-right:0px;--awb-border-radius-bottom-left:0px;--awb-flex-wrap:wrap;\" ><div class=\"fusion-builder-row fusion-row fusion-flex-align-items-flex-start fusion-flex-content-wrap\" style=\"max-width:1144px;margin-left: calc(-4% \/ 2 );margin-right: calc(-4% \/ 2 );\"><div class=\"fusion-layout-column fusion_builder_column fusion-builder-column-0 fusion_builder_column_1_1 1_1 fusion-flex-column\" style=\"--awb-bg-size:cover;--awb-width-large:100%;--awb-margin-top-large:0px;--awb-spacing-right-large:1.92%;--awb-margin-bottom-large:20px;--awb-spacing-left-large:1.92%;--awb-width-medium:100%;--awb-order-medium:0;--awb-spacing-right-medium:1.92%;--awb-spacing-left-medium:1.92%;--awb-width-small:100%;--awb-order-small:0;--awb-spacing-right-small:1.92%;--awb-spacing-left-small:1.92%;\"><div class=\"fusion-column-wrapper fusion-column-has-shadow fusion-flex-justify-content-flex-start fusion-content-layout-column\"><h1 style=\"font-size: 24px !important;\">CL-Therm-Platten<\/h1><div class=\"fusion-text fusion-text-1\" style=\"--awb-text-transform:none;\"><p style=\"font-weight: 400;\">Bauen Sie bereits mit CLT? Dann steigen Sie auf CL-Therm um, die nat\u00fcrliche Weiterentwicklung von CLT.<\/p>\n<\/div><div ><a class=\"fusion-button button-flat fusion-button-default-size button-default fusion-button-default button-1 fusion-button-default-span fusion-button-default-type\" target=\"_self\" href=\" https:\/\/www.schilliger.fr\/wp-content\/uploads\/sites\/6\/2026\/01\/Schilliger-Bois-CL-Therm-DE-25_12-WEB-Small.pdf\"><span class=\"fusion-button-text awb-button__text awb-button__text--default\">Brosch\u00fcre CL-Therm<\/span><\/a><\/div><div class=\"fusion-separator fusion-full-width-sep\" style=\"align-self: center;margin-left: auto;margin-right: auto;width:100%;\"><div class=\"fusion-separator-border sep-double\" style=\"--awb-height:20px;--awb-amount:20px;border-color:#e0dede;border-top-width:1px;border-bottom-width:1px;\"><\/div><\/div><div ><a class=\"fusion-button button-flat fusion-button-default-size button-default fusion-button-default button-2 fusion-button-default-span fusion-button-default-type\" target=\"_self\" href=\" https:\/\/www.schilliger.fr\/wp-content\/uploads\/sites\/6\/2025\/10\/2025.10.22-_Details-CL-Therm-DE.pdf\"><span class=\"fusion-button-text awb-button__text awb-button__text--default\">Konstruktionsdetails CL-Therm<\/span><\/a><\/div><\/div><\/div><\/div><\/div><div class=\"fusion-fullwidth fullwidth-box fusion-builder-row-2 fusion-flex-container nonhundred-percent-fullwidth non-hundred-percent-height-scrolling\" style=\"--awb-border-radius-top-left:0px;--awb-border-radius-top-right:0px;--awb-border-radius-bottom-right:0px;--awb-border-radius-bottom-left:0px;--awb-flex-wrap:wrap;\" ><div class=\"fusion-builder-row fusion-row fusion-flex-align-items-flex-start fusion-flex-content-wrap\" style=\"max-width:1144px;margin-left: calc(-4% \/ 2 );margin-right: calc(-4% \/ 2 );\"><div class=\"fusion-layout-column fusion_builder_column fusion-builder-column-1 fusion_builder_column_1_2 1_2 fusion-flex-column\" style=\"--awb-bg-size:cover;--awb-width-large:50%;--awb-margin-top-large:0px;--awb-spacing-right-large:3.84%;--awb-margin-bottom-large:20px;--awb-spacing-left-large:3.84%;--awb-width-medium:100%;--awb-order-medium:0;--awb-spacing-right-medium:1.92%;--awb-spacing-left-medium:1.92%;--awb-width-small:100%;--awb-order-small:0;--awb-spacing-right-small:1.92%;--awb-spacing-left-small:1.92%;\"><div class=\"fusion-column-wrapper fusion-column-has-shadow fusion-flex-justify-content-flex-start fusion-content-layout-column\"><div class=\"fusion-image-element \" style=\"--awb-caption-title-font-family:var(--h2_typography-font-family);--awb-caption-title-font-weight:var(--h2_typography-font-weight);--awb-caption-title-font-style:var(--h2_typography-font-style);--awb-caption-title-size:var(--h2_typography-font-size);--awb-caption-title-transform:var(--h2_typography-text-transform);--awb-caption-title-line-height:var(--h2_typography-line-height);--awb-caption-title-letter-spacing:var(--h2_typography-letter-spacing);\"><span class=\" fusion-imageframe imageframe-none imageframe-1 hover-type-none\"><a class=\"fusion-no-lightbox\" href=\"https:\/\/www.schilliger.fr\/wp-content\/uploads\/sites\/6\/2022\/11\/panneaux-bois-clt-construire-en-clt-schilliger-bois.jpg\" target=\"_blank\" aria-label=\"DSCN1754\" rel=\"noopener noreferrer\"><img decoding=\"async\" width=\"2560\" height=\"1920\" alt=\"Panneaux bois CLT, compos\u00e9s de plusieurs couches crois\u00e9es de planches en bois massif s\u00e9ch\u00e9\" src=\"https:\/\/www.schilliger.fr\/wp-content\/uploads\/sites\/6\/2024\/02\/DSCN1754-scaled.jpg\" class=\"img-responsive wp-image-5671\" srcset=\"https:\/\/www.schilliger.fr\/wp-content\/uploads\/sites\/6\/2024\/02\/DSCN1754-200x150.jpg 200w, https:\/\/www.schilliger.fr\/wp-content\/uploads\/sites\/6\/2024\/02\/DSCN1754-400x300.jpg 400w, https:\/\/www.schilliger.fr\/wp-content\/uploads\/sites\/6\/2024\/02\/DSCN1754-600x450.jpg 600w, https:\/\/www.schilliger.fr\/wp-content\/uploads\/sites\/6\/2024\/02\/DSCN1754-800x600.jpg 800w, https:\/\/www.schilliger.fr\/wp-content\/uploads\/sites\/6\/2024\/02\/DSCN1754-1200x900.jpg 1200w, https:\/\/www.schilliger.fr\/wp-content\/uploads\/sites\/6\/2024\/02\/DSCN1754-scaled.jpg 2560w\" sizes=\"(max-width: 1024px) 100vw, (max-width: 640px) 100vw, 600px\" \/><\/a><\/span><\/div><\/div><\/div><div class=\"fusion-layout-column fusion_builder_column fusion-builder-column-2 fusion_builder_column_1_2 1_2 fusion-flex-column\" style=\"--awb-bg-size:cover;--awb-width-large:50%;--awb-margin-top-large:0px;--awb-spacing-right-large:3.84%;--awb-margin-bottom-large:20px;--awb-spacing-left-large:3.84%;--awb-width-medium:100%;--awb-order-medium:0;--awb-spacing-right-medium:1.92%;--awb-spacing-left-medium:1.92%;--awb-width-small:100%;--awb-order-small:0;--awb-spacing-right-small:1.92%;--awb-spacing-left-small:1.92%;\"><div class=\"fusion-column-wrapper fusion-column-has-shadow fusion-flex-justify-content-flex-start fusion-content-layout-column\"><h2 style=\"font-size: 24px !important;\">UNSER PRODUKT<\/h2><ul style=\"--awb-line-height:27.2px;--awb-icon-width:27.2px;--awb-icon-height:27.2px;--awb-icon-margin:11.2px;--awb-content-margin:38.4px;--awb-circlecolor:#9d0d1c;--awb-circle-yes-font-size:14.08px;\" class=\"fusion-checklist fusion-checklist-1 fusion-checklist-default type-icons\"><li class=\"fusion-li-item\" style=\"\"><span class=\"icon-wrapper circle-yes\"><i class=\"fusion-li-icon awb-icon-check\" aria-hidden=\"true\"><\/i><\/span><div class=\"fusion-li-item-content\">\n<p style=\"font-weight: 400;\">Eine innovative und w\u00e4rmeged\u00e4mmte Wand.<\/p>\n<\/div><\/li><li class=\"fusion-li-item\" style=\"\"><span class=\"icon-wrapper circle-yes\"><i class=\"fusion-li-icon awb-icon-check\" aria-hidden=\"true\"><\/i><\/span><div class=\"fusion-li-item-content\">\n<p style=\"font-weight: 400;\">In vielen Formaten erh\u00e4ltlich<\/p>\n<\/div><\/li><li class=\"fusion-li-item\" style=\"\"><span class=\"icon-wrapper circle-yes\"><i class=\"fusion-li-icon awb-icon-check\" aria-hidden=\"true\"><\/i><\/span><div class=\"fusion-li-item-content\">\n<p style=\"font-weight: 400;\">Mehrere Dicken je nach thermischen Anforderungen m\u00f6glich.<\/p>\n<\/div><\/li><li class=\"fusion-li-item\" style=\"\"><span class=\"icon-wrapper circle-yes\"><i class=\"fusion-li-icon awb-icon-check\" aria-hidden=\"true\"><\/i><\/span><div class=\"fusion-li-item-content\">\n<p style=\"font-weight: 400;\">Zertifiziert (Zertifizierung technischer Gutachten in Arbeit, FDES&#8230;)<\/p>\n<\/div><\/li><li class=\"fusion-li-item\" style=\"\"><span class=\"icon-wrapper circle-yes\"><i class=\"fusion-li-icon awb-icon-check\" aria-hidden=\"true\"><\/i><\/span><div class=\"fusion-li-item-content\">\n<p style=\"font-weight: 400;\">Mehrere \u00e4sthetische Qualit\u00e4ten m\u00f6glich<\/p>\n<\/div><\/li><li class=\"fusion-li-item\" style=\"\"><span class=\"icon-wrapper circle-yes\"><i class=\"fusion-li-icon awb-icon-check\" aria-hidden=\"true\"><\/i><\/span><div class=\"fusion-li-item-content\">\n<p style=\"font-weight: 400;\">Platten mit verleimten Kanten<\/p>\n<\/div><\/li><li class=\"fusion-li-item\" style=\"\"><span class=\"icon-wrapper circle-yes\"><i class=\"fusion-li-icon awb-icon-check\" aria-hidden=\"true\"><\/i><\/span><div class=\"fusion-li-item-content\">\n<p style=\"font-weight: 400;\">Systematische Kalibrierung \/ Schleifen<\/p>\n<\/div><\/li><li class=\"fusion-li-item\" style=\"\"><span class=\"icon-wrapper circle-yes\"><i class=\"fusion-li-icon awb-icon-check\" aria-hidden=\"true\"><\/i><\/span><div class=\"fusion-li-item-content\">\n<p style=\"font-weight: 400;\">Ma\u00dfgeschneiderte Gr\u00f6\u00dfe auf Anfrage<\/p>\n<\/div><\/li><li class=\"fusion-li-item\" style=\"\"><span class=\"icon-wrapper circle-yes\"><i class=\"fusion-li-icon awb-icon-check\" aria-hidden=\"true\"><\/i><\/span><div class=\"fusion-li-item-content\">\n<p style=\"font-weight: 400;\">Verschiedene Oberfl\u00e4chenanstriche auf Anfrage m\u00f6glich<\/p>\n<\/div><\/li><\/ul><\/div><\/div><\/div><\/div><div class=\"fusion-fullwidth fullwidth-box fusion-builder-row-3 fusion-flex-container nonhundred-percent-fullwidth non-hundred-percent-height-scrolling\" style=\"--awb-border-radius-top-left:0px;--awb-border-radius-top-right:0px;--awb-border-radius-bottom-right:0px;--awb-border-radius-bottom-left:0px;--awb-flex-wrap:wrap;\" ><div class=\"fusion-builder-row fusion-row fusion-flex-align-items-flex-start fusion-flex-content-wrap\" style=\"max-width:1144px;margin-left: calc(-4% \/ 2 );margin-right: calc(-4% \/ 2 );\"><div class=\"fusion-layout-column fusion_builder_column fusion-builder-column-3 fusion_builder_column_1_1 1_1 fusion-flex-column\" style=\"--awb-bg-size:cover;--awb-width-large:100%;--awb-margin-top-large:0px;--awb-spacing-right-large:1.92%;--awb-margin-bottom-large:20px;--awb-spacing-left-large:1.92%;--awb-width-medium:100%;--awb-order-medium:0;--awb-spacing-right-medium:1.92%;--awb-spacing-left-medium:1.92%;--awb-width-small:100%;--awb-order-small:0;--awb-spacing-right-small:1.92%;--awb-spacing-left-small:1.92%;\"><div class=\"fusion-column-wrapper fusion-column-has-shadow fusion-flex-justify-content-flex-start fusion-content-layout-column\"><div class=\"fusion-separator fusion-full-width-sep\" style=\"align-self: center;margin-left: auto;margin-right: auto;margin-top:20px;width:100%;\"><\/div><\/div><\/div><\/div><\/div><div class=\"fusion-fullwidth fullwidth-box fusion-builder-row-4 fusion-flex-container nonhundred-percent-fullwidth non-hundred-percent-height-scrolling\" style=\"--awb-border-radius-top-left:0px;--awb-border-radius-top-right:0px;--awb-border-radius-bottom-right:0px;--awb-border-radius-bottom-left:0px;--awb-flex-wrap:wrap;\" ><div class=\"fusion-builder-row fusion-row fusion-flex-align-items-flex-start fusion-flex-content-wrap\" style=\"max-width:1144px;margin-left: calc(-4% \/ 2 );margin-right: calc(-4% \/ 2 );\"><div class=\"fusion-layout-column fusion_builder_column fusion-builder-column-4 fusion_builder_column_1_2 1_2 fusion-flex-column\" style=\"--awb-bg-size:cover;--awb-width-large:50%;--awb-margin-top-large:0px;--awb-spacing-right-large:3.84%;--awb-margin-bottom-large:20px;--awb-spacing-left-large:3.84%;--awb-width-medium:100%;--awb-order-medium:0;--awb-spacing-right-medium:1.92%;--awb-spacing-left-medium:1.92%;--awb-width-small:100%;--awb-order-small:0;--awb-spacing-right-small:1.92%;--awb-spacing-left-small:1.92%;\"><div class=\"fusion-column-wrapper fusion-column-has-shadow fusion-flex-justify-content-flex-start fusion-content-layout-column\"><h2 style=\"font-size: 24px !important;\">IHRE VORTEILE<\/h2><div class=\"fusion-separator fusion-full-width-sep\" style=\"align-self: center;margin-left: auto;margin-right: auto;margin-top:20px;width:100%;\"><\/div><ul style=\"--awb-line-height:27.2px;--awb-icon-width:27.2px;--awb-icon-height:27.2px;--awb-icon-margin:11.2px;--awb-content-margin:38.4px;--awb-circlecolor:#9d0d1c;--awb-circle-yes-font-size:14.08px;\" class=\"fusion-checklist fusion-checklist-2 fusion-checklist-default type-icons\"><li class=\"fusion-li-item\" style=\"\"><span class=\"icon-wrapper circle-yes\"><i class=\"fusion-li-icon awb-icon-check\" aria-hidden=\"true\"><\/i><\/span><div class=\"fusion-li-item-content\">\n<p style=\"font-weight: 400;\">Optimierte Ressource Holz<\/p>\n<\/div><\/li><li class=\"fusion-li-item\" style=\"\"><span class=\"icon-wrapper circle-yes\"><i class=\"fusion-li-icon awb-icon-check\" aria-hidden=\"true\"><\/i><\/span><div class=\"fusion-li-item-content\">\n<p style=\"font-weight: 400;\">K\u00fcrzere Bauzeit (integrierte Holzfaserd\u00e4mmung)<\/p>\n<\/div><\/li><li class=\"fusion-li-item\" style=\"\"><span class=\"icon-wrapper circle-yes\"><i class=\"fusion-li-icon awb-icon-check\" aria-hidden=\"true\"><\/i><\/span><div class=\"fusion-li-item-content\">\n<p style=\"font-weight: 400;\">Weniger Beschl\u00e4ge und Schrauben<\/p>\n<\/div><\/li><li class=\"fusion-li-item\" style=\"\"><span class=\"icon-wrapper circle-yes\"><i class=\"fusion-li-icon awb-icon-check\" aria-hidden=\"true\"><\/i><\/span><div class=\"fusion-li-item-content\">\n<p style=\"font-weight: 400;\">Technische Unterst\u00fctzung auf Anfrage<\/p>\n<\/div><\/li><\/ul><div class=\"fusion-separator fusion-full-width-sep\" style=\"align-self: center;margin-left: auto;margin-right: auto;margin-top:20px;width:100%;\"><\/div><div class=\"fusion-text fusion-text-2\" style=\"--awb-text-transform:none;\"><p>Und vor allem &#8230;<\/p>\n<p><strong>Hergestellt aus regionalem Holz aus Frankreich und dem Schwarzwald<\/strong><\/p>\n<\/div><\/div><\/div><div class=\"fusion-layout-column fusion_builder_column fusion-builder-column-5 fusion_builder_column_1_2 1_2 fusion-flex-column\" style=\"--awb-bg-size:cover;--awb-width-large:50%;--awb-margin-top-large:0px;--awb-spacing-right-large:3.84%;--awb-margin-bottom-large:20px;--awb-spacing-left-large:3.84%;--awb-width-medium:100%;--awb-order-medium:0;--awb-spacing-right-medium:1.92%;--awb-spacing-left-medium:1.92%;--awb-width-small:100%;--awb-order-small:0;--awb-spacing-right-small:1.92%;--awb-spacing-left-small:1.92%;\"><div class=\"fusion-column-wrapper fusion-column-has-shadow fusion-flex-justify-content-flex-start fusion-content-layout-column\"><div class=\"fusion-separator fusion-full-width-sep\" style=\"align-self: center;margin-left: auto;margin-right: auto;margin-top:20px;width:100%;\"><\/div><div class=\"fusion-image-element \" style=\"--awb-caption-title-font-family:var(--h2_typography-font-family);--awb-caption-title-font-weight:var(--h2_typography-font-weight);--awb-caption-title-font-style:var(--h2_typography-font-style);--awb-caption-title-size:var(--h2_typography-font-size);--awb-caption-title-transform:var(--h2_typography-text-transform);--awb-caption-title-line-height:var(--h2_typography-line-height);--awb-caption-title-letter-spacing:var(--h2_typography-letter-spacing);\"><span class=\" fusion-imageframe imageframe-none imageframe-2 hover-type-none\"><a class=\"fusion-no-lightbox\" href=\"https:\/\/www.schilliger.fr\/wp-content\/uploads\/sites\/6\/2022\/11\/panneaux-bois-clt-construire-en-clt-schilliger-bois.jpg\" target=\"_blank\" aria-label=\"Definitiv-UH CLTherm_3d_Export-12,11,24\" rel=\"noopener noreferrer\"><img decoding=\"async\" width=\"2560\" height=\"1029\" alt=\"Panneaux bois CLT, compos\u00e9s de plusieurs couches crois\u00e9es de planches en bois massif s\u00e9ch\u00e9\" src=\"https:\/\/www.schilliger.fr\/wp-content\/uploads\/sites\/6\/2024\/11\/Definitiv-UH-CLTherm_3d_Export-121124-scaled.jpg\" class=\"img-responsive wp-image-6215\" srcset=\"https:\/\/www.schilliger.fr\/wp-content\/uploads\/sites\/6\/2024\/11\/Definitiv-UH-CLTherm_3d_Export-121124-200x80.jpg 200w, https:\/\/www.schilliger.fr\/wp-content\/uploads\/sites\/6\/2024\/11\/Definitiv-UH-CLTherm_3d_Export-121124-400x161.jpg 400w, https:\/\/www.schilliger.fr\/wp-content\/uploads\/sites\/6\/2024\/11\/Definitiv-UH-CLTherm_3d_Export-121124-600x241.jpg 600w, https:\/\/www.schilliger.fr\/wp-content\/uploads\/sites\/6\/2024\/11\/Definitiv-UH-CLTherm_3d_Export-121124-800x322.jpg 800w, https:\/\/www.schilliger.fr\/wp-content\/uploads\/sites\/6\/2024\/11\/Definitiv-UH-CLTherm_3d_Export-121124-1200x482.jpg 1200w, https:\/\/www.schilliger.fr\/wp-content\/uploads\/sites\/6\/2024\/11\/Definitiv-UH-CLTherm_3d_Export-121124-scaled.jpg 2560w\" sizes=\"(max-width: 1024px) 100vw, (max-width: 640px) 100vw, 600px\" \/><\/a><\/span><\/div><div class=\"fusion-separator fusion-full-width-sep\" style=\"align-self: center;margin-left: auto;margin-right: auto;margin-top:20px;width:100%;\"><\/div><div ><a class=\"fusion-button button-flat fusion-button-default-size button-default fusion-button-default button-3 fusion-button-default-span fusion-button-default-type\" target=\"_self\" href=\"https:\/\/www.schilliger.fr\/wp-content\/uploads\/sites\/6\/2026\/04\/06-_-Declaration-of-performance-CL-Therm-_-2026.04.20.pdf\"><span class=\"fusion-button-text awb-button__text awb-button__text--default\">Leistungserkl\u00e4rung CL-THERM (englisch)<\/span><\/a><\/div><\/div><\/div><\/div><\/div><\/p>\n","protected":false},"excerpt":{"rendered":"","protected":false},"author":1,"featured_media":0,"parent":8,"menu_order":0,"comment_status":"closed","ping_status":"closed","template":"","meta":{"footnotes":""},"class_list":["post-5343","page","type-page","status-publish","hentry"],"yoast_head":"<!-- This site is optimized with the Yoast SEO plugin v16.7 - https:\/\/yoast.com\/wordpress\/plugins\/seo\/ -->\n<title>CL-Therm Platten - Schilliger France - Deutschland<\/title>\n<meta name=\"robots\" content=\"index, follow, max-snippet:-1, max-image-preview:large, max-video-preview:-1\" \/>\n<link rel=\"canonical\" href=\"https:\/\/www.schilliger.fr\/de\/produkte\/cl-therm-platten\/\" \/>\n<meta property=\"og:locale\" content=\"de_DE\" \/>\n<meta property=\"og:type\" content=\"article\" \/>\n<meta property=\"og:title\" content=\"CL-Therm Platten - Schilliger France - Deutschland\" \/>\n<meta property=\"og:url\" content=\"https:\/\/www.schilliger.fr\/de\/produkte\/cl-therm-platten\/\" \/>\n<meta property=\"og:site_name\" content=\"Schilliger France - Deutschland\" \/>\n<meta property=\"article:modified_time\" content=\"2026-04-30T15:05:20+00:00\" \/>\n<meta name=\"twitter:card\" content=\"summary\" \/>\n<meta name=\"twitter:label1\" content=\"Gesch\u00e4tzte Lesezeit\" \/>\n\t<meta name=\"twitter:data1\" content=\"4\u00a0Minuten\" \/>\n<script type=\"application\/ld+json\" class=\"yoast-schema-graph\">{\"@context\":\"https:\/\/schema.org\",\"@graph\":[{\"@type\":\"WebSite\",\"@id\":\"https:\/\/www.schilliger.fr\/de\/#website\",\"url\":\"https:\/\/www.schilliger.fr\/de\/\",\"name\":\"Schilliger France - Deutschland\",\"description\":\"\",\"potentialAction\":[{\"@type\":\"SearchAction\",\"target\":{\"@type\":\"EntryPoint\",\"urlTemplate\":\"https:\/\/www.schilliger.fr\/de\/?s={search_term_string}\"},\"query-input\":\"required name=search_term_string\"}],\"inLanguage\":\"de\"},{\"@type\":\"WebPage\",\"@id\":\"https:\/\/www.schilliger.fr\/de\/produkte\/cl-therm-platten\/#webpage\",\"url\":\"https:\/\/www.schilliger.fr\/de\/produkte\/cl-therm-platten\/\",\"name\":\"CL-Therm Platten - Schilliger France - Deutschland\",\"isPartOf\":{\"@id\":\"https:\/\/www.schilliger.fr\/de\/#website\"},\"datePublished\":\"2023-11-09T17:07:39+00:00\",\"dateModified\":\"2026-04-30T15:05:20+00:00\",\"breadcrumb\":{\"@id\":\"https:\/\/www.schilliger.fr\/de\/produkte\/cl-therm-platten\/#breadcrumb\"},\"inLanguage\":\"de\",\"potentialAction\":[{\"@type\":\"ReadAction\",\"target\":[\"https:\/\/www.schilliger.fr\/de\/produkte\/cl-therm-platten\/\"]}]},{\"@type\":\"BreadcrumbList\",\"@id\":\"https:\/\/www.schilliger.fr\/de\/produkte\/cl-therm-platten\/#breadcrumb\",\"itemListElement\":[{\"@type\":\"ListItem\",\"position\":1,\"name\":\"Accueil\",\"item\":\"https:\/\/www.schilliger.fr\/de\/\"},{\"@type\":\"ListItem\",\"position\":2,\"name\":\"Produkte\",\"item\":\"https:\/\/www.schilliger.fr\/de\/produkte\/\"},{\"@type\":\"ListItem\",\"position\":3,\"name\":\"CL-Therm Platten\"}]}]}<\/script>\n<!-- \/ Yoast SEO plugin. -->","yoast_head_json":{"title":"CL-Therm Platten - Schilliger France - Deutschland","robots":{"index":"index","follow":"follow","max-snippet":"max-snippet:-1","max-image-preview":"max-image-preview:large","max-video-preview":"max-video-preview:-1"},"canonical":"https:\/\/www.schilliger.fr\/de\/produkte\/cl-therm-platten\/","og_locale":"de_DE","og_type":"article","og_title":"CL-Therm Platten - Schilliger France - Deutschland","og_url":"https:\/\/www.schilliger.fr\/de\/produkte\/cl-therm-platten\/","og_site_name":"Schilliger France - Deutschland","article_modified_time":"2026-04-30T15:05:20+00:00","twitter_card":"summary","twitter_misc":{"Gesch\u00e4tzte Lesezeit":"4\u00a0Minuten"},"schema":{"@context":"https:\/\/schema.org","@graph":[{"@type":"WebSite","@id":"https:\/\/www.schilliger.fr\/de\/#website","url":"https:\/\/www.schilliger.fr\/de\/","name":"Schilliger France - Deutschland","description":"","potentialAction":[{"@type":"SearchAction","target":{"@type":"EntryPoint","urlTemplate":"https:\/\/www.schilliger.fr\/de\/?s={search_term_string}"},"query-input":"required name=search_term_string"}],"inLanguage":"de"},{"@type":"WebPage","@id":"https:\/\/www.schilliger.fr\/de\/produkte\/cl-therm-platten\/#webpage","url":"https:\/\/www.schilliger.fr\/de\/produkte\/cl-therm-platten\/","name":"CL-Therm Platten - Schilliger France - Deutschland","isPartOf":{"@id":"https:\/\/www.schilliger.fr\/de\/#website"},"datePublished":"2023-11-09T17:07:39+00:00","dateModified":"2026-04-30T15:05:20+00:00","breadcrumb":{"@id":"https:\/\/www.schilliger.fr\/de\/produkte\/cl-therm-platten\/#breadcrumb"},"inLanguage":"de","potentialAction":[{"@type":"ReadAction","target":["https:\/\/www.schilliger.fr\/de\/produkte\/cl-therm-platten\/"]}]},{"@type":"BreadcrumbList","@id":"https:\/\/www.schilliger.fr\/de\/produkte\/cl-therm-platten\/#breadcrumb","itemListElement":[{"@type":"ListItem","position":1,"name":"Accueil","item":"https:\/\/www.schilliger.fr\/de\/"},{"@type":"ListItem","position":2,"name":"Produkte","item":"https:\/\/www.schilliger.fr\/de\/produkte\/"},{"@type":"ListItem","position":3,"name":"CL-Therm Platten"}]}]}},"_links":{"self":[{"href":"https:\/\/www.schilliger.fr\/de\/wp-json\/wp\/v2\/pages\/5343","targetHints":{"allow":["GET"]}}],"collection":[{"href":"https:\/\/www.schilliger.fr\/de\/wp-json\/wp\/v2\/pages"}],"about":[{"href":"https:\/\/www.schilliger.fr\/de\/wp-json\/wp\/v2\/types\/page"}],"author":[{"embeddable":true,"href":"https:\/\/www.schilliger.fr\/de\/wp-json\/wp\/v2\/users\/1"}],"replies":[{"embeddable":true,"href":"https:\/\/www.schilliger.fr\/de\/wp-json\/wp\/v2\/comments?post=5343"}],"version-history":[{"count":11,"href":"https:\/\/www.schilliger.fr\/de\/wp-json\/wp\/v2\/pages\/5343\/revisions"}],"predecessor-version":[{"id":14489,"href":"https:\/\/www.schilliger.fr\/de\/wp-json\/wp\/v2\/pages\/5343\/revisions\/14489"}],"up":[{"embeddable":true,"href":"https:\/\/www.schilliger.fr\/de\/wp-json\/wp\/v2\/pages\/8"}],"wp:attachment":[{"href":"https:\/\/www.schilliger.fr\/de\/wp-json\/wp\/v2\/media?parent=5343"}],"curies":[{"name":"wp","href":"https:\/\/api.w.org\/{rel}","templated":true}]}}