{"id":358,"date":"2016-12-29T10:34:04","date_gmt":"2016-12-29T09:34:04","guid":{"rendered":"http:\/\/www.schilliger.fr\/?page_id=358"},"modified":"2024-11-07T11:30:00","modified_gmt":"2024-11-07T10:30:00","slug":"software","status":"publish","type":"page","link":"https:\/\/www.schilliger.fr\/de\/produkte\/software\/","title":{"rendered":"Software"},"content":{"rendered":"<div class=\"fusion-fullwidth fullwidth-box fusion-builder-row-1 nonhundred-percent-fullwidth non-hundred-percent-height-scrolling\" style=\"--awb-background-position:left top;--awb-border-sizes-top:0px;--awb-border-sizes-bottom:0px;--awb-border-sizes-left:0px;--awb-border-sizes-right:0px;--awb-border-radius-top-left:0px;--awb-border-radius-top-right:0px;--awb-border-radius-bottom-right:0px;--awb-border-radius-bottom-left:0px;--awb-padding-top:100px;--awb-padding-bottom:100px;--awb-flex-wrap:wrap;\" ><div class=\"fusion-builder-row fusion-row\"><div class=\"fusion-layout-column fusion_builder_column fusion-builder-column-0 fusion_builder_column_3_5 3_5 fusion-three-fifth fusion-column-first content--left\" style=\"--awb-bg-size:cover;width:58.4%; margin-right: 4%;\"><div class=\"fusion-column-wrapper fusion-flex-column-wrapper-legacy\"><div class=\"fusion-title title fusion-title-1 fusion-sep-none fusion-title-text fusion-title-size-two\"><h2 class=\"fusion-title-heading title-heading-left\" style=\"margin:0;\">Software<\/h2><\/div><div class=\"fusion-text fusion-text-1\" style=\"--awb-text-transform:none;\"><p>Die Software von Schilliger Holz bietet dem Planer und dem Holzbauer in der bauphysikalischen und statischen Beurteilung der gew\u00e4hlten Konstruktion ein einfaches und schnelles Hilfsmittel. Beiliegende pdf\u2019s geben Auskunft \u00fcber die verf\u00fcgbaren Programme und die Preise und zeigen Anwendungshinweise f\u00fcr das Bemessungsprogramm.<\/p>\n<p>Hier k\u00f6nnen Sie Gratisversionen des Bemessungsprogramms und des Bauphysik-Programms mit eingeschr\u00e4nkten Nutzungsm\u00f6glichkeiten herunterladen.<\/p>\n<table width=\"680\">\n<tbody>\n<tr>\n<td width=\"170\"><a href=\"\/Software\/S-Bem5FW.exe\">S-Bem5FW.exe<\/a><\/td>\n<td width=\"510\">Bemessungsprogramm (Freeware) nach SIA, DIN, EN (F) und EN (UK)<\/td>\n<\/tr>\n<tr>\n<td width=\"170\"><a href=\"\/Software\/S-BPhyFW.exe\">S-BPhyFW.exe<\/a><\/td>\n<td width=\"510\">Bauphysik-Programm (Freeware)<\/td>\n<\/tr>\n<\/tbody>\n<\/table>\n<pre><\/pre>\n<p>Hier k\u00f6nnen Sie Updates f\u00fcr die Vollversionen herunterladen:<br \/>\nDas gew\u00fcnschte Update in dem Verzeichnis installieren, in dem sich das jeweilige Programm befindet.<\/p>\n<p><span class=\"subtitle\">Bauphysikprogramm<\/span><\/p>\n<table width=\"100%\">\n<tbody>\n<tr>\n<td width=\"170\"><a href=\"\/Software\/bp-upd21.exe\">bp-upd21.exe<\/a><\/td>\n<td width=\"510\">Update auf Version 2.3<\/td>\n<\/tr>\n<\/tbody>\n<\/table>\n<p><span class=\"subtitle\">\u00a0<\/span><\/p>\n<p><span class=\"subtitle\">Bemessungsprogramm nach SIA und DIN<\/span><\/p>\n<p>Die aktuelle Version 6.0 kann bei Schilliger Holz bestellt werden. \u00c4ltere Versionen k\u00f6nnen auf Version 5.3 aktualisiert werden.<\/p>\n<table width=\"100%\">\n<tbody>\n<tr>\n<td width=\"170\"><a href=\"\/Software\/updBem53.exe\">updBem53.exe<\/a><\/td>\n<td width=\"510\">Update auf Version 5.3 (5.0 muss bereits installiert\u00a0sein).<br \/>\n<em>kleine Korrekturen, neben Deutsch und Franz\u00f6sisch neu auch Englisch <\/em><\/td>\n<\/tr>\n<tr>\n<td width=\"170\"><\/td>\n<td width=\"510\"><\/td>\n<\/tr>\n<\/tbody>\n<\/table>\n<p><span class=\"subtitle\">\u00a0<\/span><\/p>\n<p><span class=\"subtitle\">\u00a0<\/span><\/p>\n<table width=\"100%\">\n<tbody>\n<tr>\n<td width=\"170\"><\/td>\n<td width=\"510\"><\/td>\n<\/tr>\n<\/tbody>\n<\/table>\n<p><span class=\"subtitle\">\u00a0<\/span><\/p>\n<p><span class=\"subtitle\">\u00a0<\/span><\/p>\n<table width=\"100%\">\n<tbody>\n<tr>\n<td><\/td>\n<td><\/td>\n<\/tr>\n<tr>\n<td width=\"170\"><\/td>\n<td width=\"510\"><\/td>\n<\/tr>\n<\/tbody>\n<\/table>\n<p><span class=\"subtitle\">\u00a0<\/span><\/p>\n<p><span class=\"subtitle\">\u00a0<\/span><\/p>\n<table width=\"100%\">\n<tbody>\n<tr>\n<td width=\"170\"><\/td>\n<td width=\"510\"><\/td>\n<\/tr>\n<\/tbody>\n<\/table>\n<\/div><div class=\"fusion-clearfix\"><\/div><\/div><\/div><div class=\"fusion-layout-column fusion_builder_column fusion-builder-column-1 fusion_builder_column_2_5 2_5 fusion-two-fifth fusion-column-last\" style=\"--awb-bg-size:cover;width:37.6%;\"><div class=\"fusion-column-wrapper fusion-flex-column-wrapper-legacy\"><div class=\"fusion-image-element in-legacy-container\" style=\"--awb-caption-title-font-family:var(--h2_typography-font-family);--awb-caption-title-font-weight:var(--h2_typography-font-weight);--awb-caption-title-font-style:var(--h2_typography-font-style);--awb-caption-title-size:var(--h2_typography-font-size);--awb-caption-title-transform:var(--h2_typography-text-transform);--awb-caption-title-line-height:var(--h2_typography-line-height);--awb-caption-title-letter-spacing:var(--h2_typography-letter-spacing);\"><span class=\" fusion-imageframe imageframe-none imageframe-1 hover-type-zoomin\"><a href=\"http:\/\/www.schilliger.fr\/wp-content\/uploads\/sites\/6\/2016\/10\/img-software.jpg\" class=\"fusion-lightbox\" data-rel=\"iLightbox[2a7673412431648018e]\" data-title=\"img-software\" title=\"img-software\"><img decoding=\"async\" width=\"800\" height=\"600\" src=\"http:\/\/www.schilliger.fr\/wp-content\/uploads\/sites\/6\/2016\/10\/img-software.jpg\" alt class=\"img-responsive wp-image-2970\" srcset=\"https:\/\/www.schilliger.fr\/wp-content\/uploads\/sites\/6\/2016\/10\/img-software-200x150.jpg 200w, https:\/\/www.schilliger.fr\/wp-content\/uploads\/sites\/6\/2016\/10\/img-software-400x300.jpg 400w, https:\/\/www.schilliger.fr\/wp-content\/uploads\/sites\/6\/2016\/10\/img-software-600x450.jpg 600w, https:\/\/www.schilliger.fr\/wp-content\/uploads\/sites\/6\/2016\/10\/img-software.jpg 800w\" sizes=\"(max-width: 800px) 100vw, 600px\" \/><\/a><\/span><\/div><div class=\"fusion-sep-clear\"><\/div><div class=\"fusion-separator fusion-full-width-sep\" style=\"margin-left: auto;margin-right: auto;margin-top:10px;width:100%;\"><\/div><div class=\"fusion-sep-clear\"><\/div><div class=\"fusion-button-wrapper\"><a class=\"fusion-button button-flat fusion-button-default-size button-default fusion-button-default button-1 fusion-button-default-span fusion-button-default-type\" target=\"_blank\" rel=\"noopener noreferrer\" title=\"Download the PDF\" aria-label=\"Download the PDF\" href=\"\/wp-content\/uploads\/pdf\/Software.pdf\"><span class=\"fusion-button-text awb-button__text awb-button__text--default\">Software<\/span><\/a><\/div><div class=\"fusion-sep-clear\"><\/div><div class=\"fusion-separator fusion-full-width-sep\" style=\"margin-left: auto;margin-right: auto;margin-top:10px;width:100%;\"><\/div><div class=\"fusion-sep-clear\"><\/div><div class=\"fusion-button-wrapper\"><a class=\"fusion-button button-flat fusion-button-default-size button-default fusion-button-default button-2 fusion-button-default-span fusion-button-default-type\" target=\"_blank\" rel=\"noopener noreferrer\" title=\"Download the PDF\" aria-label=\"Download the PDF\" href=\" http:\/\/www.schilliger.fr\/wp-content\/uploads\/sites\/6\/2022\/04\/Bestellformular-fuer-Schilliger-Software.pdf\"><span class=\"fusion-button-text awb-button__text awb-button__text--default\">Bestellformular<\/span><\/a><\/div><div class=\"fusion-clearfix\"><\/div><\/div><\/div><\/div><\/div>\n","protected":false},"excerpt":{"rendered":"","protected":false},"author":1,"featured_media":0,"parent":8,"menu_order":0,"comment_status":"closed","ping_status":"closed","template":"100-width.php","meta":{"footnotes":""},"class_list":["post-358","page","type-page","status-publish","hentry"],"yoast_head":"<!-- This site is optimized with the Yoast SEO plugin v16.7 - https:\/\/yoast.com\/wordpress\/plugins\/seo\/ -->\n<title>Software - Schilliger France - Deutschland<\/title>\n<meta name=\"robots\" content=\"index, follow, max-snippet:-1, max-image-preview:large, max-video-preview:-1\" \/>\n<link rel=\"canonical\" href=\"https:\/\/www.schilliger.fr\/de\/produkte\/software\/\" \/>\n<meta property=\"og:locale\" content=\"de_DE\" \/>\n<meta property=\"og:type\" content=\"article\" \/>\n<meta property=\"og:title\" content=\"Software - Schilliger France - Deutschland\" \/>\n<meta property=\"og:url\" content=\"https:\/\/www.schilliger.fr\/de\/produkte\/software\/\" \/>\n<meta property=\"og:site_name\" content=\"Schilliger France - Deutschland\" \/>\n<meta property=\"article:modified_time\" content=\"2024-11-07T10:30:00+00:00\" \/>\n<meta name=\"twitter:card\" content=\"summary\" \/>\n<meta name=\"twitter:label1\" content=\"Gesch\u00e4tzte Lesezeit\" \/>\n\t<meta name=\"twitter:data1\" content=\"2\u00a0Minuten\" \/>\n<script type=\"application\/ld+json\" class=\"yoast-schema-graph\">{\"@context\":\"https:\/\/schema.org\",\"@graph\":[{\"@type\":\"WebSite\",\"@id\":\"https:\/\/www.schilliger.fr\/de\/#website\",\"url\":\"https:\/\/www.schilliger.fr\/de\/\",\"name\":\"Schilliger France - Deutschland\",\"description\":\"\",\"potentialAction\":[{\"@type\":\"SearchAction\",\"target\":{\"@type\":\"EntryPoint\",\"urlTemplate\":\"https:\/\/www.schilliger.fr\/de\/?s={search_term_string}\"},\"query-input\":\"required name=search_term_string\"}],\"inLanguage\":\"de\"},{\"@type\":\"WebPage\",\"@id\":\"https:\/\/www.schilliger.fr\/de\/produkte\/software\/#webpage\",\"url\":\"https:\/\/www.schilliger.fr\/de\/produkte\/software\/\",\"name\":\"Software - Schilliger France - Deutschland\",\"isPartOf\":{\"@id\":\"https:\/\/www.schilliger.fr\/de\/#website\"},\"datePublished\":\"2016-12-29T09:34:04+00:00\",\"dateModified\":\"2024-11-07T10:30:00+00:00\",\"breadcrumb\":{\"@id\":\"https:\/\/www.schilliger.fr\/de\/produkte\/software\/#breadcrumb\"},\"inLanguage\":\"de\",\"potentialAction\":[{\"@type\":\"ReadAction\",\"target\":[\"https:\/\/www.schilliger.fr\/de\/produkte\/software\/\"]}]},{\"@type\":\"BreadcrumbList\",\"@id\":\"https:\/\/www.schilliger.fr\/de\/produkte\/software\/#breadcrumb\",\"itemListElement\":[{\"@type\":\"ListItem\",\"position\":1,\"name\":\"Accueil\",\"item\":\"https:\/\/www.schilliger.fr\/de\/\"},{\"@type\":\"ListItem\",\"position\":2,\"name\":\"Produkte\",\"item\":\"https:\/\/www.schilliger.fr\/de\/produkte\/\"},{\"@type\":\"ListItem\",\"position\":3,\"name\":\"Software\"}]}]}<\/script>\n<!-- \/ Yoast SEO plugin. -->","yoast_head_json":{"title":"Software - Schilliger France - Deutschland","robots":{"index":"index","follow":"follow","max-snippet":"max-snippet:-1","max-image-preview":"max-image-preview:large","max-video-preview":"max-video-preview:-1"},"canonical":"https:\/\/www.schilliger.fr\/de\/produkte\/software\/","og_locale":"de_DE","og_type":"article","og_title":"Software - Schilliger France - Deutschland","og_url":"https:\/\/www.schilliger.fr\/de\/produkte\/software\/","og_site_name":"Schilliger France - Deutschland","article_modified_time":"2024-11-07T10:30:00+00:00","twitter_card":"summary","twitter_misc":{"Gesch\u00e4tzte Lesezeit":"2\u00a0Minuten"},"schema":{"@context":"https:\/\/schema.org","@graph":[{"@type":"WebSite","@id":"https:\/\/www.schilliger.fr\/de\/#website","url":"https:\/\/www.schilliger.fr\/de\/","name":"Schilliger France - Deutschland","description":"","potentialAction":[{"@type":"SearchAction","target":{"@type":"EntryPoint","urlTemplate":"https:\/\/www.schilliger.fr\/de\/?s={search_term_string}"},"query-input":"required name=search_term_string"}],"inLanguage":"de"},{"@type":"WebPage","@id":"https:\/\/www.schilliger.fr\/de\/produkte\/software\/#webpage","url":"https:\/\/www.schilliger.fr\/de\/produkte\/software\/","name":"Software - Schilliger France - Deutschland","isPartOf":{"@id":"https:\/\/www.schilliger.fr\/de\/#website"},"datePublished":"2016-12-29T09:34:04+00:00","dateModified":"2024-11-07T10:30:00+00:00","breadcrumb":{"@id":"https:\/\/www.schilliger.fr\/de\/produkte\/software\/#breadcrumb"},"inLanguage":"de","potentialAction":[{"@type":"ReadAction","target":["https:\/\/www.schilliger.fr\/de\/produkte\/software\/"]}]},{"@type":"BreadcrumbList","@id":"https:\/\/www.schilliger.fr\/de\/produkte\/software\/#breadcrumb","itemListElement":[{"@type":"ListItem","position":1,"name":"Accueil","item":"https:\/\/www.schilliger.fr\/de\/"},{"@type":"ListItem","position":2,"name":"Produkte","item":"https:\/\/www.schilliger.fr\/de\/produkte\/"},{"@type":"ListItem","position":3,"name":"Software"}]}]}},"_links":{"self":[{"href":"https:\/\/www.schilliger.fr\/de\/wp-json\/wp\/v2\/pages\/358","targetHints":{"allow":["GET"]}}],"collection":[{"href":"https:\/\/www.schilliger.fr\/de\/wp-json\/wp\/v2\/pages"}],"about":[{"href":"https:\/\/www.schilliger.fr\/de\/wp-json\/wp\/v2\/types\/page"}],"author":[{"embeddable":true,"href":"https:\/\/www.schilliger.fr\/de\/wp-json\/wp\/v2\/users\/1"}],"replies":[{"embeddable":true,"href":"https:\/\/www.schilliger.fr\/de\/wp-json\/wp\/v2\/comments?post=358"}],"version-history":[{"count":27,"href":"https:\/\/www.schilliger.fr\/de\/wp-json\/wp\/v2\/pages\/358\/revisions"}],"predecessor-version":[{"id":6199,"href":"https:\/\/www.schilliger.fr\/de\/wp-json\/wp\/v2\/pages\/358\/revisions\/6199"}],"up":[{"embeddable":true,"href":"https:\/\/www.schilliger.fr\/de\/wp-json\/wp\/v2\/pages\/8"}],"wp:attachment":[{"href":"https:\/\/www.schilliger.fr\/de\/wp-json\/wp\/v2\/media?parent=358"}],"curies":[{"name":"wp","href":"https:\/\/api.w.org\/{rel}","templated":true}]}}