{"id":328,"date":"2016-12-29T09:01:56","date_gmt":"2016-12-29T08:01:56","guid":{"rendered":"http:\/\/www.schilliger.fr\/?page_id=328"},"modified":"2023-11-15T15:18:54","modified_gmt":"2023-11-15T14:18:54","slug":"sortimente-qualitaet","status":"publish","type":"page","link":"https:\/\/www.schilliger.fr\/de\/rundholz\/sortimente-qualitaet\/","title":{"rendered":"Sortimente, Qualit\u00e4t"},"content":{"rendered":"<div class=\"fusion-fullwidth fullwidth-box fusion-builder-row-1 nonhundred-percent-fullwidth non-hundred-percent-height-scrolling\" style=\"--awb-background-position:left top;--awb-border-sizes-top:0px;--awb-border-sizes-bottom:0px;--awb-border-sizes-left:0px;--awb-border-sizes-right:0px;--awb-border-radius-top-left:0px;--awb-border-radius-top-right:0px;--awb-border-radius-bottom-right:0px;--awb-border-radius-bottom-left:0px;--awb-padding-top:100px;--awb-padding-bottom:100px;--awb-flex-wrap:wrap;\" ><div class=\"fusion-builder-row fusion-row\"><div class=\"fusion-layout-column fusion_builder_column fusion-builder-column-0 fusion_builder_column_3_5 3_5 fusion-three-fifth fusion-column-first content--left\" style=\"--awb-bg-size:cover;width:58.4%; margin-right: 4%;\"><div class=\"fusion-column-wrapper fusion-flex-column-wrapper-legacy\"><div class=\"fusion-title title fusion-title-1 fusion-sep-none fusion-title-text fusion-title-size-two\"><h2 class=\"fusion-title-heading title-heading-left\" style=\"margin:0;\">Sortimente<\/h2><\/div><div class=\"fusion-text fusion-text-1\"><p>Wir \u00fcbernehmen G\u00fcte B und C. Mitgehend \u00fcbernehmen wir Ihr K\u00e4ferholz, Ihre Palettenh\u00f6lzer (D-Holz) und Ihr Starkholz.<\/p>\n<p>Die Werksg\u00fctesortierung basiert auf den Kriterien der Rahmenvereinbarung f\u00fcr den Rohholzhandel in Deutschland (RVR).<\/p>\n<\/div><div class=\"fusion-text fusion-text-2\"><p>Hier zeigen wir Ihnen, worauf es bei unserer Aushaltung ankommt:<\/p>\n<\/div><div class=\"fusion-video fusion-youtube\" style=\"--awb-max-width:600px;--awb-max-height:350px;\"><div class=\"video-shortcode\"><div class=\"fluid-width-video-wrapper\" style=\"padding-top:58.33%;\" ><iframe title=\"YouTube video player 1\" src=\"https:\/\/www.youtube.com\/embed\/XYbSU5yaVmk?wmode=transparent&autoplay=0&oida=1\" width=\"600\" height=\"350\" allowfullscreen allow=\"autoplay; clipboard-write; encrypted-media; gyroscope; picture-in-picture;\"><\/iframe><\/div><\/div><\/div><div class=\"fusion-sep-clear\"><\/div><div class=\"fusion-separator fusion-full-width-sep\" style=\"margin-left: auto;margin-right: auto;margin-top:10px;width:100%;\"><\/div><div class=\"fusion-sep-clear\"><\/div><div class=\"fusion-text fusion-text-3\"><p>Konkretere Informationen entnehmen Sie unseren Aushaltungsmerkbl\u00e4ttern:<\/p>\n<\/div><div class=\"fusion-button-wrapper\"><a class=\"fusion-button button-flat fusion-button-default-size button-default fusion-button-default button-1 fusion-button-default-span fusion-button-default-type\" target=\"_self\" href=\" https:\/\/www.schilliger.fr\/wp-content\/uploads\/sites\/6\/2023\/11\/Schwachholz-D-2022.pdf\"><span class=\"fusion-button-text awb-button__text awb-button__text--default\">Schwachholz<\/span><\/a><\/div><div class=\"fusion-sep-clear\"><\/div><div class=\"fusion-separator fusion-full-width-sep\" style=\"margin-left: auto;margin-right: auto;margin-top:10px;width:100%;\"><\/div><div class=\"fusion-sep-clear\"><\/div><div class=\"fusion-button-wrapper\"><a class=\"fusion-button button-flat fusion-button-default-size button-default fusion-button-default button-2 fusion-button-default-span fusion-button-default-type\" target=\"_self\" href=\" https:\/\/www.schilliger.fr\/wp-content\/uploads\/sites\/6\/2023\/11\/Starkholz-D-2022.pdf\"><span class=\"fusion-button-text awb-button__text awb-button__text--default\">Starkholz<\/span><\/a><\/div><div class=\"fusion-sep-clear\"><\/div><div class=\"fusion-separator fusion-full-width-sep\" style=\"margin-left: auto;margin-right: auto;margin-top:10px;width:100%;\"><\/div><div class=\"fusion-sep-clear\"><\/div><div class=\"fusion-text fusion-text-4\"><p><strong>Aushaltung: \u00a0<\/strong><\/p>\n<p><strong>L\u00e4nge<br \/>\n<\/strong>Kurzholz: Hauptl\u00e4nge 5 m, 4 m mitgehend Mindestzugabe 10 cm<\/p>\n<p>Langholz: 10, 12 \u2013 18 m + 40 cm Zugabe<\/p>\n<p><strong>Dimension: \u00a0<\/strong><\/p>\n<table>\n<tbody>\n<tr>\n<td>Starkes Langholz:<\/td>\n<td>Stammfu\u00df 62 \u2013 80 cm m.R. (4-6 Klasse)<\/td>\n<\/tr>\n<tr>\n<td>Schwaches Langholz:<\/td>\n<td>max Stammfu\u00df 62 cm m.R. (1b \u2013 4)<\/td>\n<\/tr>\n<tr>\n<td>Starke Abschnitte:<\/td>\n<td>Stammfu\u00df 62 \u2013 100 cm m.R. (5-6)<\/td>\n<\/tr>\n<tr>\n<td>Schwache Aschnitte:<\/td>\n<td>max Stammfu\u00df 62 cm m.R. (1b \u2013 4)<\/td>\n<\/tr>\n<\/tbody>\n<\/table>\n<\/div><div class=\"fusion-sep-clear\"><\/div><div class=\"fusion-separator fusion-full-width-sep\" style=\"margin-left: auto;margin-right: auto;margin-top:10px;width:100%;\"><\/div><div class=\"fusion-sep-clear\"><\/div><div class=\"fusion-text fusion-text-5\"><p><strong>Zopf:\u00a0 \u00a0<\/strong><\/p>\n<table>\n<tbody>\n<tr>\n<td>Fi\/Ta<\/td>\n<td>15 cm o.R.<\/td>\n<\/tr>\n<tr>\n<td>Dou\/L\u00e4\/Ki<\/td>\n<td>16 cm o.R.<\/td>\n<\/tr>\n<\/tbody>\n<\/table>\n<\/div><div class=\"fusion-clearfix\"><\/div><\/div><\/div><div class=\"fusion-layout-column fusion_builder_column fusion-builder-column-1 fusion_builder_column_2_5 2_5 fusion-two-fifth fusion-column-last\" style=\"--awb-bg-size:cover;width:37.6%;\"><div class=\"fusion-column-wrapper fusion-flex-column-wrapper-legacy\"><div class=\"fusion-image-element in-legacy-container\" style=\"--awb-caption-title-font-family:var(--h2_typography-font-family);--awb-caption-title-font-weight:var(--h2_typography-font-weight);--awb-caption-title-font-style:var(--h2_typography-font-style);--awb-caption-title-size:var(--h2_typography-font-size);--awb-caption-title-transform:var(--h2_typography-text-transform);--awb-caption-title-line-height:var(--h2_typography-line-height);--awb-caption-title-letter-spacing:var(--h2_typography-letter-spacing);\"><span class=\" fusion-imageframe imageframe-none imageframe-1 hover-type-zoomin\"><a href=\"http:\/\/www.schilliger.fr\/wp-content\/uploads\/sites\/6\/2016\/12\/Abtransport.jpg\" class=\"fusion-lightbox\" data-rel=\"iLightbox[c2772c36391f1122d39]\"><img decoding=\"async\" alt=\"Polter links: Starkholz; Polter rechts: Schwachholz\" src=\"http:\/\/www.schilliger.fr\/wp-content\/uploads\/sites\/6\/2016\/12\/Abtransport.jpg\" class=\"img-responsive\"\/><\/a><\/span><\/div><div class=\"fusion-text fusion-text-6\"><p style=\"text-align: center;\"><em>Polter links: Starkholz; Polter rechts: Schwachholz<\/em><\/p>\n<\/div><div class=\"fusion-clearfix\"><\/div><\/div><\/div><\/div><\/div>\n","protected":false},"excerpt":{"rendered":"","protected":false},"author":1,"featured_media":0,"parent":10,"menu_order":0,"comment_status":"closed","ping_status":"closed","template":"100-width.php","meta":{"footnotes":""},"class_list":["post-328","page","type-page","status-publish","hentry"],"yoast_head":"<!-- This site is optimized with the Yoast SEO plugin v16.7 - https:\/\/yoast.com\/wordpress\/plugins\/seo\/ -->\n<title>Sortimente, Qualit\u00e4t - Schilliger France - Deutschland<\/title>\n<meta name=\"robots\" content=\"index, follow, max-snippet:-1, max-image-preview:large, max-video-preview:-1\" \/>\n<link rel=\"canonical\" href=\"https:\/\/www.schilliger.fr\/de\/rundholz\/sortimente-qualitaet\/\" \/>\n<meta property=\"og:locale\" content=\"de_DE\" \/>\n<meta property=\"og:type\" content=\"article\" \/>\n<meta property=\"og:title\" content=\"Sortimente, Qualit\u00e4t - Schilliger France - Deutschland\" \/>\n<meta property=\"og:url\" content=\"https:\/\/www.schilliger.fr\/de\/rundholz\/sortimente-qualitaet\/\" \/>\n<meta property=\"og:site_name\" content=\"Schilliger France - Deutschland\" \/>\n<meta property=\"article:modified_time\" content=\"2023-11-15T14:18:54+00:00\" \/>\n<meta property=\"og:image\" content=\"http:\/\/www.schilliger.fr\/wp-content\/uploads\/sites\/6\/2016\/12\/Abtransport.jpg\" \/>\n<meta name=\"twitter:card\" content=\"summary\" \/>\n<meta name=\"twitter:label1\" content=\"Gesch\u00e4tzte Lesezeit\" \/>\n\t<meta name=\"twitter:data1\" content=\"4\u00a0Minuten\" \/>\n<script type=\"application\/ld+json\" class=\"yoast-schema-graph\">{\"@context\":\"https:\/\/schema.org\",\"@graph\":[{\"@type\":\"WebSite\",\"@id\":\"https:\/\/www.schilliger.fr\/de\/#website\",\"url\":\"https:\/\/www.schilliger.fr\/de\/\",\"name\":\"Schilliger France - Deutschland\",\"description\":\"\",\"potentialAction\":[{\"@type\":\"SearchAction\",\"target\":{\"@type\":\"EntryPoint\",\"urlTemplate\":\"https:\/\/www.schilliger.fr\/de\/?s={search_term_string}\"},\"query-input\":\"required name=search_term_string\"}],\"inLanguage\":\"de\"},{\"@type\":\"ImageObject\",\"@id\":\"https:\/\/www.schilliger.fr\/de\/rundholz\/sortimente-qualitaet\/#primaryimage\",\"inLanguage\":\"de\",\"url\":\"http:\/\/www.schilliger.fr\/wp-content\/uploads\/sites\/6\/2016\/12\/Abtransport.jpg\",\"contentUrl\":\"http:\/\/www.schilliger.fr\/wp-content\/uploads\/sites\/6\/2016\/12\/Abtransport.jpg\"},{\"@type\":\"WebPage\",\"@id\":\"https:\/\/www.schilliger.fr\/de\/rundholz\/sortimente-qualitaet\/#webpage\",\"url\":\"https:\/\/www.schilliger.fr\/de\/rundholz\/sortimente-qualitaet\/\",\"name\":\"Sortimente, Qualit\\u00e4t - Schilliger France - Deutschland\",\"isPartOf\":{\"@id\":\"https:\/\/www.schilliger.fr\/de\/#website\"},\"primaryImageOfPage\":{\"@id\":\"https:\/\/www.schilliger.fr\/de\/rundholz\/sortimente-qualitaet\/#primaryimage\"},\"datePublished\":\"2016-12-29T08:01:56+00:00\",\"dateModified\":\"2023-11-15T14:18:54+00:00\",\"breadcrumb\":{\"@id\":\"https:\/\/www.schilliger.fr\/de\/rundholz\/sortimente-qualitaet\/#breadcrumb\"},\"inLanguage\":\"de\",\"potentialAction\":[{\"@type\":\"ReadAction\",\"target\":[\"https:\/\/www.schilliger.fr\/de\/rundholz\/sortimente-qualitaet\/\"]}]},{\"@type\":\"BreadcrumbList\",\"@id\":\"https:\/\/www.schilliger.fr\/de\/rundholz\/sortimente-qualitaet\/#breadcrumb\",\"itemListElement\":[{\"@type\":\"ListItem\",\"position\":1,\"name\":\"Accueil\",\"item\":\"https:\/\/www.schilliger.fr\/de\/\"},{\"@type\":\"ListItem\",\"position\":2,\"name\":\"Rundholz\",\"item\":\"https:\/\/www.schilliger.fr\/de\/rundholz\/\"},{\"@type\":\"ListItem\",\"position\":3,\"name\":\"Sortimente, Qualit\\u00e4t\"}]}]}<\/script>\n<!-- \/ Yoast SEO plugin. -->","yoast_head_json":{"title":"Sortimente, Qualit\u00e4t - Schilliger France - Deutschland","robots":{"index":"index","follow":"follow","max-snippet":"max-snippet:-1","max-image-preview":"max-image-preview:large","max-video-preview":"max-video-preview:-1"},"canonical":"https:\/\/www.schilliger.fr\/de\/rundholz\/sortimente-qualitaet\/","og_locale":"de_DE","og_type":"article","og_title":"Sortimente, Qualit\u00e4t - Schilliger France - Deutschland","og_url":"https:\/\/www.schilliger.fr\/de\/rundholz\/sortimente-qualitaet\/","og_site_name":"Schilliger France - Deutschland","article_modified_time":"2023-11-15T14:18:54+00:00","og_image":[{"url":"http:\/\/www.schilliger.fr\/wp-content\/uploads\/sites\/6\/2016\/12\/Abtransport.jpg"}],"twitter_card":"summary","twitter_misc":{"Gesch\u00e4tzte Lesezeit":"4\u00a0Minuten"},"schema":{"@context":"https:\/\/schema.org","@graph":[{"@type":"WebSite","@id":"https:\/\/www.schilliger.fr\/de\/#website","url":"https:\/\/www.schilliger.fr\/de\/","name":"Schilliger France - Deutschland","description":"","potentialAction":[{"@type":"SearchAction","target":{"@type":"EntryPoint","urlTemplate":"https:\/\/www.schilliger.fr\/de\/?s={search_term_string}"},"query-input":"required name=search_term_string"}],"inLanguage":"de"},{"@type":"ImageObject","@id":"https:\/\/www.schilliger.fr\/de\/rundholz\/sortimente-qualitaet\/#primaryimage","inLanguage":"de","url":"http:\/\/www.schilliger.fr\/wp-content\/uploads\/sites\/6\/2016\/12\/Abtransport.jpg","contentUrl":"http:\/\/www.schilliger.fr\/wp-content\/uploads\/sites\/6\/2016\/12\/Abtransport.jpg"},{"@type":"WebPage","@id":"https:\/\/www.schilliger.fr\/de\/rundholz\/sortimente-qualitaet\/#webpage","url":"https:\/\/www.schilliger.fr\/de\/rundholz\/sortimente-qualitaet\/","name":"Sortimente, Qualit\u00e4t - Schilliger France - Deutschland","isPartOf":{"@id":"https:\/\/www.schilliger.fr\/de\/#website"},"primaryImageOfPage":{"@id":"https:\/\/www.schilliger.fr\/de\/rundholz\/sortimente-qualitaet\/#primaryimage"},"datePublished":"2016-12-29T08:01:56+00:00","dateModified":"2023-11-15T14:18:54+00:00","breadcrumb":{"@id":"https:\/\/www.schilliger.fr\/de\/rundholz\/sortimente-qualitaet\/#breadcrumb"},"inLanguage":"de","potentialAction":[{"@type":"ReadAction","target":["https:\/\/www.schilliger.fr\/de\/rundholz\/sortimente-qualitaet\/"]}]},{"@type":"BreadcrumbList","@id":"https:\/\/www.schilliger.fr\/de\/rundholz\/sortimente-qualitaet\/#breadcrumb","itemListElement":[{"@type":"ListItem","position":1,"name":"Accueil","item":"https:\/\/www.schilliger.fr\/de\/"},{"@type":"ListItem","position":2,"name":"Rundholz","item":"https:\/\/www.schilliger.fr\/de\/rundholz\/"},{"@type":"ListItem","position":3,"name":"Sortimente, Qualit\u00e4t"}]}]}},"_links":{"self":[{"href":"https:\/\/www.schilliger.fr\/de\/wp-json\/wp\/v2\/pages\/328","targetHints":{"allow":["GET"]}}],"collection":[{"href":"https:\/\/www.schilliger.fr\/de\/wp-json\/wp\/v2\/pages"}],"about":[{"href":"https:\/\/www.schilliger.fr\/de\/wp-json\/wp\/v2\/types\/page"}],"author":[{"embeddable":true,"href":"https:\/\/www.schilliger.fr\/de\/wp-json\/wp\/v2\/users\/1"}],"replies":[{"embeddable":true,"href":"https:\/\/www.schilliger.fr\/de\/wp-json\/wp\/v2\/comments?post=328"}],"version-history":[{"count":27,"href":"https:\/\/www.schilliger.fr\/de\/wp-json\/wp\/v2\/pages\/328\/revisions"}],"predecessor-version":[{"id":5315,"href":"https:\/\/www.schilliger.fr\/de\/wp-json\/wp\/v2\/pages\/328\/revisions\/5315"}],"up":[{"embeddable":true,"href":"https:\/\/www.schilliger.fr\/de\/wp-json\/wp\/v2\/pages\/10"}],"wp:attachment":[{"href":"https:\/\/www.schilliger.fr\/de\/wp-json\/wp\/v2\/media?parent=328"}],"curies":[{"name":"wp","href":"https:\/\/api.w.org\/{rel}","templated":true}]}}