{"id":325,"date":"2016-12-29T08:58:44","date_gmt":"2016-12-29T07:58:44","guid":{"rendered":"http:\/\/www.schilliger.fr\/?page_id=325"},"modified":"2024-10-23T13:55:16","modified_gmt":"2024-10-23T11:55:16","slug":"einkaufsarten","status":"publish","type":"page","link":"https:\/\/www.schilliger.fr\/de\/rundholz\/einkaufsarten\/","title":{"rendered":"Einkaufsarten"},"content":{"rendered":"<div class=\"fusion-fullwidth fullwidth-box fusion-builder-row-1 nonhundred-percent-fullwidth non-hundred-percent-height-scrolling\" style=\"--awb-background-position:left top;--awb-border-sizes-top:0px;--awb-border-sizes-bottom:0px;--awb-border-sizes-left:0px;--awb-border-sizes-right:0px;--awb-border-radius-top-left:0px;--awb-border-radius-top-right:0px;--awb-border-radius-bottom-right:0px;--awb-border-radius-bottom-left:0px;--awb-padding-top:100px;--awb-padding-bottom:100px;--awb-flex-wrap:wrap;\" ><div class=\"fusion-builder-row fusion-row\"><div class=\"fusion-layout-column fusion_builder_column fusion-builder-column-0 fusion_builder_column_3_5 3_5 fusion-three-fifth fusion-column-first content--left\" style=\"--awb-bg-size:cover;width:58.4%; margin-right: 4%;\"><div class=\"fusion-column-wrapper fusion-flex-column-wrapper-legacy\"><div class=\"fusion-title title fusion-title-1 fusion-sep-none fusion-title-text fusion-title-size-two\"><h2 class=\"fusion-title-heading title-heading-left\" style=\"margin:0;\">Einkaufsarten<\/h2><\/div><div class=\"fusion-text fusion-text-1\" style=\"--awb-text-transform:none;\"><h3>Einkauf frei Werk:<\/h3>\n<p>Gerne k\u00f6nnen Sie uns Ihre Ware frei Werk liefern, Ihre Lieferungen werden auf Ihre Anmeldung hin in unsere w\u00f6chentliche Anfuhr-Planung integriert.<\/p>\n<h3>Einkauf an der Waldstra\u00dfe:<\/h3>\n<p>Ab Waldstra\u00dfe \u00fcbernehmen wir Ihr Holz im Wald- oder Werksma\u00df. Den Transport \u00fcbernehmen Kooperationspartner, mit denen wir schon seit vielen Jahren vertrauensvoll zusammenarbeiten.<\/p>\n<h3>Einkauf auf dem Stock:<\/h3>\n<p>Auf Wunsch \u00fcbernehmen wir die Hiebsvorbereitung und den Einschlag f\u00fcr Sie und bieten Ihnen L\u00f6sungen f\u00fcr schwierige Hiebstandorte an (vern\u00e4ssende B\u00f6den und Steillagen). Mit unserer Erfahrung im Bereich Verkehrssicherungsma\u00dfnahmen unterst\u00fctzen wir Sie gerne bei der Organisation und Durchf\u00fchrung von Hieben mit Stra\u00dfensperrungen.<\/p>\n<\/div><div class=\"fusion-clearfix\"><\/div><\/div><\/div><div class=\"fusion-layout-column fusion_builder_column fusion-builder-column-1 fusion_builder_column_2_5 2_5 fusion-two-fifth fusion-column-last\" style=\"--awb-bg-size:cover;width:37.6%;\"><div class=\"fusion-column-wrapper fusion-flex-column-wrapper-legacy\"><div class=\"fusion-image-element in-legacy-container\" style=\"--awb-caption-title-font-family:var(--h2_typography-font-family);--awb-caption-title-font-weight:var(--h2_typography-font-weight);--awb-caption-title-font-style:var(--h2_typography-font-style);--awb-caption-title-size:var(--h2_typography-font-size);--awb-caption-title-transform:var(--h2_typography-text-transform);--awb-caption-title-line-height:var(--h2_typography-line-height);--awb-caption-title-letter-spacing:var(--h2_typography-letter-spacing);\"><span class=\" fusion-imageframe imageframe-none imageframe-1 hover-type-zoomin\"><a href=\"http:\/\/www.schilliger.fr\/wp-content\/uploads\/sites\/6\/2016\/12\/modalites-achat.jpg\" class=\"fusion-lightbox\" data-rel=\"iLightbox[fb0d522ac92c7d4db7c]\" data-title=\"modalites-achat\" title=\"modalites-achat\"><img decoding=\"async\" width=\"800\" height=\"533\" src=\"http:\/\/www.schilliger.fr\/wp-content\/uploads\/sites\/6\/2016\/12\/modalites-achat.jpg\" alt class=\"img-responsive wp-image-3003\" srcset=\"https:\/\/www.schilliger.fr\/wp-content\/uploads\/sites\/6\/2016\/12\/modalites-achat-200x133.jpg 200w, https:\/\/www.schilliger.fr\/wp-content\/uploads\/sites\/6\/2016\/12\/modalites-achat-400x267.jpg 400w, https:\/\/www.schilliger.fr\/wp-content\/uploads\/sites\/6\/2016\/12\/modalites-achat-600x400.jpg 600w, https:\/\/www.schilliger.fr\/wp-content\/uploads\/sites\/6\/2016\/12\/modalites-achat.jpg 800w\" sizes=\"(max-width: 800px) 100vw, 600px\" \/><\/a><\/span><\/div><div class=\"fusion-text fusion-text-2\"><p style=\"text-align: center;\"><em>Rundholzplatz\u00a0 Volgelsheim<\/em><\/p>\n<\/div><div class=\"fusion-clearfix\"><\/div><\/div><\/div><\/div><\/div>\n","protected":false},"excerpt":{"rendered":"","protected":false},"author":1,"featured_media":0,"parent":10,"menu_order":0,"comment_status":"closed","ping_status":"closed","template":"100-width.php","meta":{"footnotes":""},"class_list":["post-325","page","type-page","status-publish","hentry"],"yoast_head":"<!-- This site is optimized with the Yoast SEO plugin v16.7 - https:\/\/yoast.com\/wordpress\/plugins\/seo\/ -->\n<title>Einkaufsarten - Schilliger France - Deutschland<\/title>\n<meta name=\"robots\" content=\"index, follow, max-snippet:-1, max-image-preview:large, max-video-preview:-1\" \/>\n<link rel=\"canonical\" href=\"https:\/\/www.schilliger.fr\/de\/rundholz\/einkaufsarten\/\" \/>\n<meta property=\"og:locale\" content=\"de_DE\" \/>\n<meta property=\"og:type\" content=\"article\" \/>\n<meta property=\"og:title\" content=\"Einkaufsarten - Schilliger France - Deutschland\" \/>\n<meta property=\"og:url\" content=\"https:\/\/www.schilliger.fr\/de\/rundholz\/einkaufsarten\/\" \/>\n<meta property=\"og:site_name\" content=\"Schilliger France - Deutschland\" \/>\n<meta property=\"article:modified_time\" content=\"2024-10-23T11:55:16+00:00\" \/>\n<meta name=\"twitter:card\" content=\"summary\" \/>\n<meta name=\"twitter:label1\" content=\"Gesch\u00e4tzte Lesezeit\" \/>\n\t<meta name=\"twitter:data1\" content=\"2\u00a0Minuten\" \/>\n<script type=\"application\/ld+json\" class=\"yoast-schema-graph\">{\"@context\":\"https:\/\/schema.org\",\"@graph\":[{\"@type\":\"WebSite\",\"@id\":\"https:\/\/www.schilliger.fr\/de\/#website\",\"url\":\"https:\/\/www.schilliger.fr\/de\/\",\"name\":\"Schilliger France - Deutschland\",\"description\":\"\",\"potentialAction\":[{\"@type\":\"SearchAction\",\"target\":{\"@type\":\"EntryPoint\",\"urlTemplate\":\"https:\/\/www.schilliger.fr\/de\/?s={search_term_string}\"},\"query-input\":\"required name=search_term_string\"}],\"inLanguage\":\"de\"},{\"@type\":\"WebPage\",\"@id\":\"https:\/\/www.schilliger.fr\/de\/rundholz\/einkaufsarten\/#webpage\",\"url\":\"https:\/\/www.schilliger.fr\/de\/rundholz\/einkaufsarten\/\",\"name\":\"Einkaufsarten - Schilliger France - Deutschland\",\"isPartOf\":{\"@id\":\"https:\/\/www.schilliger.fr\/de\/#website\"},\"datePublished\":\"2016-12-29T07:58:44+00:00\",\"dateModified\":\"2024-10-23T11:55:16+00:00\",\"breadcrumb\":{\"@id\":\"https:\/\/www.schilliger.fr\/de\/rundholz\/einkaufsarten\/#breadcrumb\"},\"inLanguage\":\"de\",\"potentialAction\":[{\"@type\":\"ReadAction\",\"target\":[\"https:\/\/www.schilliger.fr\/de\/rundholz\/einkaufsarten\/\"]}]},{\"@type\":\"BreadcrumbList\",\"@id\":\"https:\/\/www.schilliger.fr\/de\/rundholz\/einkaufsarten\/#breadcrumb\",\"itemListElement\":[{\"@type\":\"ListItem\",\"position\":1,\"name\":\"Accueil\",\"item\":\"https:\/\/www.schilliger.fr\/de\/\"},{\"@type\":\"ListItem\",\"position\":2,\"name\":\"Rundholz\",\"item\":\"https:\/\/www.schilliger.fr\/de\/rundholz\/\"},{\"@type\":\"ListItem\",\"position\":3,\"name\":\"Einkaufsarten\"}]}]}<\/script>\n<!-- \/ Yoast SEO plugin. -->","yoast_head_json":{"title":"Einkaufsarten - Schilliger France - Deutschland","robots":{"index":"index","follow":"follow","max-snippet":"max-snippet:-1","max-image-preview":"max-image-preview:large","max-video-preview":"max-video-preview:-1"},"canonical":"https:\/\/www.schilliger.fr\/de\/rundholz\/einkaufsarten\/","og_locale":"de_DE","og_type":"article","og_title":"Einkaufsarten - Schilliger France - Deutschland","og_url":"https:\/\/www.schilliger.fr\/de\/rundholz\/einkaufsarten\/","og_site_name":"Schilliger France - Deutschland","article_modified_time":"2024-10-23T11:55:16+00:00","twitter_card":"summary","twitter_misc":{"Gesch\u00e4tzte Lesezeit":"2\u00a0Minuten"},"schema":{"@context":"https:\/\/schema.org","@graph":[{"@type":"WebSite","@id":"https:\/\/www.schilliger.fr\/de\/#website","url":"https:\/\/www.schilliger.fr\/de\/","name":"Schilliger France - Deutschland","description":"","potentialAction":[{"@type":"SearchAction","target":{"@type":"EntryPoint","urlTemplate":"https:\/\/www.schilliger.fr\/de\/?s={search_term_string}"},"query-input":"required name=search_term_string"}],"inLanguage":"de"},{"@type":"WebPage","@id":"https:\/\/www.schilliger.fr\/de\/rundholz\/einkaufsarten\/#webpage","url":"https:\/\/www.schilliger.fr\/de\/rundholz\/einkaufsarten\/","name":"Einkaufsarten - Schilliger France - Deutschland","isPartOf":{"@id":"https:\/\/www.schilliger.fr\/de\/#website"},"datePublished":"2016-12-29T07:58:44+00:00","dateModified":"2024-10-23T11:55:16+00:00","breadcrumb":{"@id":"https:\/\/www.schilliger.fr\/de\/rundholz\/einkaufsarten\/#breadcrumb"},"inLanguage":"de","potentialAction":[{"@type":"ReadAction","target":["https:\/\/www.schilliger.fr\/de\/rundholz\/einkaufsarten\/"]}]},{"@type":"BreadcrumbList","@id":"https:\/\/www.schilliger.fr\/de\/rundholz\/einkaufsarten\/#breadcrumb","itemListElement":[{"@type":"ListItem","position":1,"name":"Accueil","item":"https:\/\/www.schilliger.fr\/de\/"},{"@type":"ListItem","position":2,"name":"Rundholz","item":"https:\/\/www.schilliger.fr\/de\/rundholz\/"},{"@type":"ListItem","position":3,"name":"Einkaufsarten"}]}]}},"_links":{"self":[{"href":"https:\/\/www.schilliger.fr\/de\/wp-json\/wp\/v2\/pages\/325","targetHints":{"allow":["GET"]}}],"collection":[{"href":"https:\/\/www.schilliger.fr\/de\/wp-json\/wp\/v2\/pages"}],"about":[{"href":"https:\/\/www.schilliger.fr\/de\/wp-json\/wp\/v2\/types\/page"}],"author":[{"embeddable":true,"href":"https:\/\/www.schilliger.fr\/de\/wp-json\/wp\/v2\/users\/1"}],"replies":[{"embeddable":true,"href":"https:\/\/www.schilliger.fr\/de\/wp-json\/wp\/v2\/comments?post=325"}],"version-history":[{"count":15,"href":"https:\/\/www.schilliger.fr\/de\/wp-json\/wp\/v2\/pages\/325\/revisions"}],"predecessor-version":[{"id":6086,"href":"https:\/\/www.schilliger.fr\/de\/wp-json\/wp\/v2\/pages\/325\/revisions\/6086"}],"up":[{"embeddable":true,"href":"https:\/\/www.schilliger.fr\/de\/wp-json\/wp\/v2\/pages\/10"}],"wp:attachment":[{"href":"https:\/\/www.schilliger.fr\/de\/wp-json\/wp\/v2\/media?parent=325"}],"curies":[{"name":"wp","href":"https:\/\/api.w.org\/{rel}","templated":true}]}}