{"id":166,"date":"2016-10-27T14:25:56","date_gmt":"2016-10-27T12:25:56","guid":{"rendered":"http:\/\/www.schilliger.fr\/?page_id=166"},"modified":"2024-09-16T16:22:59","modified_gmt":"2024-09-16T14:22:59","slug":"uber-uns","status":"publish","type":"page","link":"https:\/\/www.schilliger.fr\/de\/unternehmen\/uber-uns\/","title":{"rendered":"\u00dcber uns"},"content":{"rendered":"<p><div class=\"fusion-fullwidth fullwidth-box fusion-builder-row-1 nonhundred-percent-fullwidth non-hundred-percent-height-scrolling\" style=\"--awb-background-position:left top;--awb-border-sizes-top:0px;--awb-border-sizes-bottom:0px;--awb-border-sizes-left:0px;--awb-border-sizes-right:0px;--awb-border-radius-top-left:0px;--awb-border-radius-top-right:0px;--awb-border-radius-bottom-right:0px;--awb-border-radius-bottom-left:0px;--awb-padding-top:80px;--awb-padding-bottom:50px;--awb-flex-wrap:wrap;\" ><div class=\"fusion-builder-row fusion-row\"><div class=\"fusion-layout-column fusion_builder_column fusion-builder-column-0 fusion_builder_column_1_2 1_2 fusion-one-half fusion-column-first content--left\" style=\"--awb-bg-size:cover;width:48%; margin-right: 4%;\"><div class=\"fusion-column-wrapper fusion-flex-column-wrapper-legacy\"><div class=\"fusion-title title fusion-title-1 fusion-sep-none fusion-title-text fusion-title-size-two\"><h2 class=\"fusion-title-heading title-heading-left\" style=\"margin:0;\">Schilliger Holz AG in K\u00fcrze<\/h2><\/div><div class=\"fusion-text fusion-text-1\"><p>Die 1861 gegr\u00fcndete Schilliger Holz AG wird heute in der f\u00fcnften Generation von Mitgliedern der Familien Schilliger gef\u00fchrt. Der Begriff Schilliger Holz umfasst die Einheit von vier rechtlich voneinander getrennten Unternehmen: Schilliger Holz AG, Schilliger Holz-Industrie AG, Schilliger S\u00e4gewerke AG und Schilliger Bois SAS. Die Aktien befinden sich in Familienbesitz.<\/p>\n<\/div><div class=\"fusion-clearfix\"><\/div><\/div><\/div><div class=\"fusion-layout-column fusion_builder_column fusion-builder-column-1 fusion_builder_column_1_2 1_2 fusion-one-half fusion-column-last\" style=\"--awb-bg-size:cover;width:48%;\"><div class=\"fusion-column-wrapper fusion-flex-column-wrapper-legacy\"><div class=\"fusion-slider-sc fusion-flexslider-loading flexslider flexslider-hover-type-none\" data-slideshow_autoplay=\"1\" data-slideshow_smooth_height=\"0\" data-slideshow_speed=\"7000\" style=\"max-width:100%;height:100%;\"><ul class=\"slides\"><li class=\"image\"><span class=\"fusion-image-hover-element hover-type-none\"><img decoding=\"async\" src=\"http:\/\/www.schilliger.fr\/wp-content\/uploads\/sites\/6\/2016\/10\/VH-Luft-SW-hr.jpg\" \/><\/span><\/li><li class=\"image\"><span class=\"fusion-image-hover-element hover-type-none\"><img decoding=\"async\" src=\"http:\/\/www.schilliger.fr\/wp-content\/uploads\/sites\/6\/2022\/01\/Offizielles-Bild-Kopie.jpg\" width=\"1920\" height=\"1439\" class=\"wp-image-3561\" srcset=\"https:\/\/www.schilliger.fr\/wp-content\/uploads\/sites\/6\/2022\/01\/Offizielles-Bild-Kopie-200x150.jpg 200w, https:\/\/www.schilliger.fr\/wp-content\/uploads\/sites\/6\/2022\/01\/Offizielles-Bild-Kopie-400x300.jpg 400w, https:\/\/www.schilliger.fr\/wp-content\/uploads\/sites\/6\/2022\/01\/Offizielles-Bild-Kopie-600x450.jpg 600w, https:\/\/www.schilliger.fr\/wp-content\/uploads\/sites\/6\/2022\/01\/Offizielles-Bild-Kopie-800x600.jpg 800w, https:\/\/www.schilliger.fr\/wp-content\/uploads\/sites\/6\/2022\/01\/Offizielles-Bild-Kopie-1200x899.jpg 1200w, https:\/\/www.schilliger.fr\/wp-content\/uploads\/sites\/6\/2022\/01\/Offizielles-Bild-Kopie.jpg 1920w\" sizes=\"(max-width: 800px) 100vw, 600px\" \/><\/span><\/li><li class=\"image\"><span class=\"fusion-image-hover-element hover-type-none\"><img decoding=\"async\" src=\"http:\/\/www.schilliger.fr\/wp-content\/uploads\/sites\/6\/2016\/10\/LuftPerlen4.jpg\" \/><\/span><\/li><\/ul><\/div><div class=\"fusion-clearfix\"><\/div><\/div><\/div><\/div><\/div><div class=\"fusion-fullwidth fullwidth-box fusion-builder-row-2 nonhundred-percent-fullwidth non-hundred-percent-height-scrolling\" style=\"--awb-background-position:left top;--awb-border-sizes-top:0px;--awb-border-sizes-bottom:0px;--awb-border-sizes-left:0px;--awb-border-sizes-right:0px;--awb-border-radius-top-left:0px;--awb-border-radius-top-right:0px;--awb-border-radius-bottom-right:0px;--awb-border-radius-bottom-left:0px;--awb-padding-top:50px;--awb-padding-bottom:50px;--awb-flex-wrap:wrap;\" ><div class=\"fusion-builder-row fusion-row\"><div class=\"fusion-layout-column fusion_builder_column fusion-builder-column-2 fusion_builder_column_2_3 2_3 fusion-two-third fusion-column-first\" style=\"--awb-bg-size:cover;width:65.3333%; margin-right: 4%;\"><div class=\"fusion-column-wrapper fusion-flex-column-wrapper-legacy\"><div class=\"fusion-video fusion-youtube\" style=\"--awb-max-width:889px;--awb-max-height:500px;\"><div class=\"video-shortcode\"><div class=\"fluid-width-video-wrapper\" style=\"padding-top:56.24%;\" ><iframe title=\"YouTube video player 1\" src=\"https:\/\/www.youtube.com\/embed\/f6J9GKwW-OI?wmode=transparent&autoplay=0&oida=1\" width=\"889\" height=\"500\" allowfullscreen allow=\"autoplay; clipboard-write; encrypted-media; gyroscope; picture-in-picture;\"><\/iframe><\/div><\/div><\/div><div class=\"fusion-clearfix\"><\/div><\/div><\/div><div class=\"fusion-layout-column fusion_builder_column fusion-builder-column-3 fusion_builder_column_1_3 1_3 fusion-one-third fusion-column-last content--right\" style=\"--awb-bg-size:cover;width:30.6666%;\"><div class=\"fusion-column-wrapper fusion-flex-column-wrapper-legacy\"><div class=\"fusion-text fusion-text-2\"><p>Hochqualifizierte Mitarbeiter und Spezialisten f\u00fcr die Bereiche Ingenieurholzbau, Holzbau, Oberfl\u00e4chentechnik, Produktion und Logistik stellen sich den verschiedensten Herausforderungen.<\/p>\n<\/div><div class=\"fusion-clearfix\"><\/div><\/div><\/div><\/div><\/div><div class=\"fusion-fullwidth fullwidth-box fusion-builder-row-3 nonhundred-percent-fullwidth non-hundred-percent-height-scrolling\" style=\"--awb-background-position:left top;--awb-border-sizes-top:0px;--awb-border-sizes-bottom:0px;--awb-border-sizes-left:0px;--awb-border-sizes-right:0px;--awb-border-radius-top-left:0px;--awb-border-radius-top-right:0px;--awb-border-radius-bottom-right:0px;--awb-border-radius-bottom-left:0px;--awb-padding-top:50px;--awb-padding-bottom:50px;--awb-flex-wrap:wrap;\" ><div class=\"fusion-builder-row fusion-row\"><div class=\"fusion-layout-column fusion_builder_column fusion-builder-column-4 fusion_builder_column_1_1 1_1 fusion-one-full fusion-column-first fusion-column-last content--left\" style=\"--awb-bg-size:cover;\"><div class=\"fusion-column-wrapper fusion-flex-column-wrapper-legacy\"><div class=\"fusion-button-wrapper\"><a class=\"fusion-button button-flat fusion-button-default-size button-default fusion-button-default button-1 fusion-button-default-span fusion-button-default-type btn-left\" target=\"_blank\" rel=\"noopener noreferrer\" href=\" http:\/\/www.schilliger.fr\/wp-content\/uploads\/sites\/6\/2022\/11\/Fact-sheet-Deutsch-formatiert.pdf\"><i class=\"fa-file-alt fas awb-button__icon awb-button__icon--default button-icon-left\" aria-hidden=\"true\"><\/i><span class=\"fusion-button-text awb-button__text awb-button__text--default\">Fact Sheet<\/span><\/a><\/div><div class=\"fusion-sep-clear\"><\/div><div class=\"fusion-separator fusion-full-width-sep\" style=\"margin-left: auto;margin-right: auto;width:100%;\"><div class=\"fusion-separator-border sep-double\" style=\"--awb-height:20px;--awb-amount:20px;border-color:#e0dede;border-top-width:1px;border-bottom-width:1px;\"><\/div><\/div><div class=\"fusion-sep-clear\"><\/div><div class=\"fusion-button-wrapper\"><a class=\"fusion-button button-flat fusion-button-default-size button-default fusion-button-default button-2 fusion-button-default-span fusion-button-default-type btn-left\" target=\"_blank\" rel=\"noopener noreferrer\" href=\" https:\/\/www.schilliger.fr\/wp-content\/uploads\/sites\/6\/2024\/09\/org-schilliger-Konzern-Deutschland.pdf\"><i class=\"fa-file-alt fas awb-button__icon awb-button__icon--default button-icon-left\" aria-hidden=\"true\"><\/i><span class=\"fusion-button-text awb-button__text awb-button__text--default\">Organigramm<\/span><\/a><\/div><div class=\"fusion-clearfix\"><\/div><\/div><\/div><\/div><\/div><\/p>\n","protected":false},"excerpt":{"rendered":"","protected":false},"author":1,"featured_media":0,"parent":19,"menu_order":0,"comment_status":"closed","ping_status":"closed","template":"100-width.php","meta":{"footnotes":""},"class_list":["post-166","page","type-page","status-publish","hentry"],"yoast_head":"<!-- This site is optimized with the Yoast SEO plugin v16.7 - https:\/\/yoast.com\/wordpress\/plugins\/seo\/ -->\n<title>\u00dcber uns - Schilliger France - Deutschland<\/title>\n<meta name=\"robots\" content=\"index, follow, max-snippet:-1, max-image-preview:large, max-video-preview:-1\" \/>\n<link rel=\"canonical\" href=\"https:\/\/www.schilliger.fr\/de\/unternehmen\/uber-uns\/\" \/>\n<meta property=\"og:locale\" content=\"de_DE\" \/>\n<meta property=\"og:type\" content=\"article\" \/>\n<meta property=\"og:title\" content=\"\u00dcber uns - Schilliger France - Deutschland\" \/>\n<meta property=\"og:url\" content=\"https:\/\/www.schilliger.fr\/de\/unternehmen\/uber-uns\/\" \/>\n<meta property=\"og:site_name\" content=\"Schilliger France - Deutschland\" \/>\n<meta property=\"article:modified_time\" content=\"2024-09-16T14:22:59+00:00\" \/>\n<meta name=\"twitter:card\" content=\"summary\" \/>\n<meta name=\"twitter:label1\" content=\"Gesch\u00e4tzte Lesezeit\" \/>\n\t<meta name=\"twitter:data1\" content=\"3\u00a0Minuten\" \/>\n<script type=\"application\/ld+json\" class=\"yoast-schema-graph\">{\"@context\":\"https:\/\/schema.org\",\"@graph\":[{\"@type\":\"WebSite\",\"@id\":\"https:\/\/www.schilliger.fr\/de\/#website\",\"url\":\"https:\/\/www.schilliger.fr\/de\/\",\"name\":\"Schilliger France - Deutschland\",\"description\":\"\",\"potentialAction\":[{\"@type\":\"SearchAction\",\"target\":{\"@type\":\"EntryPoint\",\"urlTemplate\":\"https:\/\/www.schilliger.fr\/de\/?s={search_term_string}\"},\"query-input\":\"required name=search_term_string\"}],\"inLanguage\":\"de\"},{\"@type\":\"WebPage\",\"@id\":\"https:\/\/www.schilliger.fr\/de\/unternehmen\/uber-uns\/#webpage\",\"url\":\"https:\/\/www.schilliger.fr\/de\/unternehmen\/uber-uns\/\",\"name\":\"\\u00dcber uns - Schilliger France - Deutschland\",\"isPartOf\":{\"@id\":\"https:\/\/www.schilliger.fr\/de\/#website\"},\"datePublished\":\"2016-10-27T12:25:56+00:00\",\"dateModified\":\"2024-09-16T14:22:59+00:00\",\"breadcrumb\":{\"@id\":\"https:\/\/www.schilliger.fr\/de\/unternehmen\/uber-uns\/#breadcrumb\"},\"inLanguage\":\"de\",\"potentialAction\":[{\"@type\":\"ReadAction\",\"target\":[\"https:\/\/www.schilliger.fr\/de\/unternehmen\/uber-uns\/\"]}]},{\"@type\":\"BreadcrumbList\",\"@id\":\"https:\/\/www.schilliger.fr\/de\/unternehmen\/uber-uns\/#breadcrumb\",\"itemListElement\":[{\"@type\":\"ListItem\",\"position\":1,\"name\":\"Accueil\",\"item\":\"https:\/\/www.schilliger.fr\/de\/\"},{\"@type\":\"ListItem\",\"position\":2,\"name\":\"Unternehmen\",\"item\":\"https:\/\/www.schilliger.fr\/de\/unternehmen\/\"},{\"@type\":\"ListItem\",\"position\":3,\"name\":\"\\u00dcber uns\"}]}]}<\/script>\n<!-- \/ Yoast SEO plugin. -->","yoast_head_json":{"title":"\u00dcber uns - Schilliger France - Deutschland","robots":{"index":"index","follow":"follow","max-snippet":"max-snippet:-1","max-image-preview":"max-image-preview:large","max-video-preview":"max-video-preview:-1"},"canonical":"https:\/\/www.schilliger.fr\/de\/unternehmen\/uber-uns\/","og_locale":"de_DE","og_type":"article","og_title":"\u00dcber uns - Schilliger France - Deutschland","og_url":"https:\/\/www.schilliger.fr\/de\/unternehmen\/uber-uns\/","og_site_name":"Schilliger France - Deutschland","article_modified_time":"2024-09-16T14:22:59+00:00","twitter_card":"summary","twitter_misc":{"Gesch\u00e4tzte Lesezeit":"3\u00a0Minuten"},"schema":{"@context":"https:\/\/schema.org","@graph":[{"@type":"WebSite","@id":"https:\/\/www.schilliger.fr\/de\/#website","url":"https:\/\/www.schilliger.fr\/de\/","name":"Schilliger France - Deutschland","description":"","potentialAction":[{"@type":"SearchAction","target":{"@type":"EntryPoint","urlTemplate":"https:\/\/www.schilliger.fr\/de\/?s={search_term_string}"},"query-input":"required name=search_term_string"}],"inLanguage":"de"},{"@type":"WebPage","@id":"https:\/\/www.schilliger.fr\/de\/unternehmen\/uber-uns\/#webpage","url":"https:\/\/www.schilliger.fr\/de\/unternehmen\/uber-uns\/","name":"\u00dcber uns - Schilliger France - Deutschland","isPartOf":{"@id":"https:\/\/www.schilliger.fr\/de\/#website"},"datePublished":"2016-10-27T12:25:56+00:00","dateModified":"2024-09-16T14:22:59+00:00","breadcrumb":{"@id":"https:\/\/www.schilliger.fr\/de\/unternehmen\/uber-uns\/#breadcrumb"},"inLanguage":"de","potentialAction":[{"@type":"ReadAction","target":["https:\/\/www.schilliger.fr\/de\/unternehmen\/uber-uns\/"]}]},{"@type":"BreadcrumbList","@id":"https:\/\/www.schilliger.fr\/de\/unternehmen\/uber-uns\/#breadcrumb","itemListElement":[{"@type":"ListItem","position":1,"name":"Accueil","item":"https:\/\/www.schilliger.fr\/de\/"},{"@type":"ListItem","position":2,"name":"Unternehmen","item":"https:\/\/www.schilliger.fr\/de\/unternehmen\/"},{"@type":"ListItem","position":3,"name":"\u00dcber uns"}]}]}},"_links":{"self":[{"href":"https:\/\/www.schilliger.fr\/de\/wp-json\/wp\/v2\/pages\/166","targetHints":{"allow":["GET"]}}],"collection":[{"href":"https:\/\/www.schilliger.fr\/de\/wp-json\/wp\/v2\/pages"}],"about":[{"href":"https:\/\/www.schilliger.fr\/de\/wp-json\/wp\/v2\/types\/page"}],"author":[{"embeddable":true,"href":"https:\/\/www.schilliger.fr\/de\/wp-json\/wp\/v2\/users\/1"}],"replies":[{"embeddable":true,"href":"https:\/\/www.schilliger.fr\/de\/wp-json\/wp\/v2\/comments?post=166"}],"version-history":[{"count":56,"href":"https:\/\/www.schilliger.fr\/de\/wp-json\/wp\/v2\/pages\/166\/revisions"}],"predecessor-version":[{"id":6008,"href":"https:\/\/www.schilliger.fr\/de\/wp-json\/wp\/v2\/pages\/166\/revisions\/6008"}],"up":[{"embeddable":true,"href":"https:\/\/www.schilliger.fr\/de\/wp-json\/wp\/v2\/pages\/19"}],"wp:attachment":[{"href":"https:\/\/www.schilliger.fr\/de\/wp-json\/wp\/v2\/media?parent=166"}],"curies":[{"name":"wp","href":"https:\/\/api.w.org\/{rel}","templated":true}]}}